{"id":1657,"date":"2021-11-01T20:28:34","date_gmt":"2021-11-01T20:28:34","guid":{"rendered":"https:\/\/navidalia.mx\/?page_id=1657"},"modified":"2021-11-01T20:50:56","modified_gmt":"2021-11-01T20:50:56","slug":"patrocinadores","status":"publish","type":"page","link":"https:\/\/navidalia.mx\/guadalajara\/patrocinadores\/","title":{"rendered":"Patrocinadores"},"content":{"rendered":"\t\t<div data-elementor-type=\"wp-page\" data-elementor-id=\"1657\" class=\"elementor elementor-1657\" data-elementor-settings=\"[]\">\n\t\t\t\t\t\t\t<div class=\"elementor-section-wrap\">\n\t\t\t\t\t\t\t<section class=\"elementor-section elementor-top-section elementor-element elementor-element-2fed3d01 elementor-section-full_width elementor-section-stretched elementor-section-height-default elementor-section-height-default\" data-id=\"2fed3d01\" data-element_type=\"section\" data-settings=\"{&quot;stretch_section&quot;:&quot;section-stretched&quot;,&quot;background_background&quot;:&quot;classic&quot;}\">\n\t\t\t\t\t\t<div class=\"elementor-container elementor-column-gap-default\">\n\t\t\t\t\t<div class=\"elementor-column elementor-col-100 elementor-top-column elementor-element elementor-element-28dc1e7f\" data-id=\"28dc1e7f\" data-element_type=\"column\">\n\t\t\t<div class=\"elementor-widget-wrap elementor-element-populated\">\n\t\t\t\t\t\t\t\t<div class=\"elementor-element elementor-element-41b7477c elementor-widget elementor-widget-wp-widget-rev-slider-widget\" data-id=\"41b7477c\" data-element_type=\"widget\" data-widget_type=\"wp-widget-rev-slider-widget.default\">\n\t\t\t\t<div class=\"elementor-widget-container\">\n\t\t\t\n\t\t\t<!-- START Footer negro REVOLUTION SLIDER 6.5.6 --><p class=\"rs-p-wp-fix\"><\/p>\n\t\t\t<rs-module-wrap id=\"rev_slider_10_1_wrapper\" data-source=\"gallery\" style=\"visibility:hidden;background:transparent;padding:0;margin:0px auto;margin-top:0;margin-bottom:0;\">\n\t\t\t\t<rs-module id=\"rev_slider_10_1\" style=\"\" data-version=\"6.5.6\">\n\t\t\t\t\t<rs-slides>\n\t\t\t\t\t\t<rs-slide style=\"position: absolute;\" data-key=\"rs-12\" data-title=\"Slide\" data-in=\"o:0;\" data-out=\"a:false;\">\n\t\t\t\t\t\t\t<img loading=\"lazy\" decoding=\"async\" src=\"\/\/navidalia.mx\/guadalajara\/wp-content\/plugins\/revslider\/public\/assets\/assets\/dummy.png\" title=\"Back\" width=\"1530\" height=\"2560\" class=\"rev-slidebg tp-rs-img rs-lazyload\" data-lazyload=\"\/\/navidalia.mx\/wp-content\/uploads\/2021\/10\/Back-scaled.jpg\" data-bg=\"p:center top;\" data-no-retina>\n<!--\n\t\t\t\t\t\t\t--><a\n\t\t\t\t\t\t\t\tid=\"slider-10-slide-12-layer-0\" \n\t\t\t\t\t\t\t\tclass=\"rs-layer\"\n\t\t\t\t\t\t\t\thref=\"https:\/\/www.youtube.com\/channel\/UCNxbHte4-scaOtmJkL_CT6Q\" target=\"_blank\" rel=\"noopener\"\n\t\t\t\t\t\t\t\tdata-type=\"image\"\n\t\t\t\t\t\t\t\tdata-rsp_ch=\"on\"\n\t\t\t\t\t\t\t\tdata-xy=\"xo:721px,595px,513px,272px;yo:41px,33px,45px,11px;\"\n\t\t\t\t\t\t\t\tdata-text=\"w:normal;s:20,16,12,7;l:0,20,15,9;\"\n\t\t\t\t\t\t\t\tdata-dim=\"w:46px,37px,30px,24px;h:46px,37px,30px,24px;\"\n\t\t\t\t\t\t\t\tdata-frame_999=\"o:0;st:w;\"\n\t\t\t\t\t\t\t\tstyle=\"z-index:17;\"\n\t\t\t\t\t\t\t><img loading=\"lazy\" decoding=\"async\" src=\"\/\/navidalia.mx\/guadalajara\/wp-content\/plugins\/revslider\/public\/assets\/assets\/dummy.png\" class=\"tp-rs-img rs-lazyload\" width=\"512\" height=\"512\" data-lazyload=\"\/\/navidalia.mx\/guadalajara\/wp-content\/uploads\/2022\/09\/youtubeblanco.png\" data-no-retina> \n\t\t\t\t\t\t\t<\/a><!--\n\n\t\t\t\t\t\t\t--><rs-layer\n\t\t\t\t\t\t\t\tid=\"slider-10-slide-12-layer-3\" \n\t\t\t\t\t\t\t\tdata-type=\"text\"\n\t\t\t\t\t\t\t\tdata-rsp_ch=\"on\"\n\t\t\t\t\t\t\t\tdata-xy=\"x:c;xo:-195px,-161px,-66px,-138px;yo:112px,92px,89px,95px;\"\n\t\t\t\t\t\t\t\tdata-text=\"w:normal;s:15,12,9,10;l:25,20,15,9;\"\n\t\t\t\t\t\t\t\tdata-frame_999=\"o:0;st:w;\"\n\t\t\t\t\t\t\t\tstyle=\"z-index:13;font-family:'Roboto';\"\n\t\t\t\t\t\t\t>\u00a9 2022 NAVIDALIA |  \n\t\t\t\t\t\t\t<\/rs-layer><!--\n\n\t\t\t\t\t\t\t--><a\n\t\t\t\t\t\t\t\tid=\"slider-10-slide-12-layer-4\" \n\t\t\t\t\t\t\t\tclass=\"rs-layer\"\n\t\t\t\t\t\t\t\thref=\"https:\/\/navidalia.mx\/wp-content\/uploads\/2021\/11\/AvisodePrivacidad_Navidalia.pdf\" target=\"_blank\" rel=\"noopener\"\n\t\t\t\t\t\t\t\tdata-type=\"text\"\n\t\t\t\t\t\t\t\tdata-rsp_ch=\"on\"\n\t\t\t\t\t\t\t\tdata-xy=\"x:c;xo:-58px,-47px,16px,-42px;yo:112px,92px,89px,95px;\"\n\t\t\t\t\t\t\t\tdata-text=\"w:normal;s:15,12,9,10;l:25,20,15,9;\"\n\t\t\t\t\t\t\t\tdata-frame_999=\"o:0;st:w;\"\n\t\t\t\t\t\t\t\tstyle=\"z-index:12;font-family:'Roboto';\"\n\t\t\t\t\t\t\t>Aviso de Privacidad | \n\t\t\t\t\t\t\t<\/a><!--\n\n\t\t\t\t\t\t\t--><a\n\t\t\t\t\t\t\t\tid=\"slider-10-slide-12-layer-5\" \n\t\t\t\t\t\t\t\tclass=\"rs-layer\"\n\t\t\t\t\t\t\t\thref=\"https:\/\/navidalia.mx\/guadalajara\/wp-content\/uploads\/2022\/09\/Politicas-Generales-Nav-22.docx.pdf\" target=\"_blank\" rel=\"noopener\"\n\t\t\t\t\t\t\t\tdata-type=\"text\"\n\t\t\t\t\t\t\t\tdata-rsp_ch=\"on\"\n\t\t\t\t\t\t\t\tdata-xy=\"x:c;xo:81px,66px,101px,53px;yo:112px,92px,89px,95px;\"\n\t\t\t\t\t\t\t\tdata-text=\"w:normal;s:15,12,9,10;l:25,20,15,9;\"\n\t\t\t\t\t\t\t\tdata-frame_999=\"o:0;st:w;\"\n\t\t\t\t\t\t\t\tstyle=\"z-index:11;font-family:'Roboto';\"\n\t\t\t\t\t\t\t>Pol\u00edticas de compra | \n\t\t\t\t\t\t\t<\/a><!--\n\n\t\t\t\t\t\t\t--><a\n\t\t\t\t\t\t\t\tid=\"slider-10-slide-12-layer-6\" \n\t\t\t\t\t\t\t\tclass=\"rs-layer\"\n\t\t\t\t\t\t\t\thref=\"mailto:info@navidalia.mx\" target=\"_self\"\n\t\t\t\t\t\t\t\tdata-type=\"text\"\n\t\t\t\t\t\t\t\tdata-rsp_ch=\"on\"\n\t\t\t\t\t\t\t\tdata-xy=\"x:c;xo:216px,178px,174px,137px;yo:112px,92px,89px,95px;\"\n\t\t\t\t\t\t\t\tdata-text=\"w:normal;s:15,12,9,10;l:25,20,15,9;\"\n\t\t\t\t\t\t\t\tdata-frame_999=\"o:0;st:w;\"\n\t\t\t\t\t\t\t\tstyle=\"z-index:10;font-family:'Roboto';\"\n\t\t\t\t\t\t\t>info@navidalia.mx \n\t\t\t\t\t\t\t<\/a><!--\n\n\t\t\t\t\t\t\t--><a\n\t\t\t\t\t\t\t\tid=\"slider-10-slide-12-layer-8\" \n\t\t\t\t\t\t\t\tclass=\"rs-layer\"\n\t\t\t\t\t\t\t\thref=\"https:\/\/www.alteacorp.com\/es\/\" target=\"_self\"\n\t\t\t\t\t\t\t\tdata-type=\"image\"\n\t\t\t\t\t\t\t\tdata-rsp_ch=\"on\"\n\t\t\t\t\t\t\t\tdata-xy=\"x:l,l,l,c;xo:70px,57px,101px,0;yo:7px,5px,25px,36px;\"\n\t\t\t\t\t\t\t\tdata-text=\"w:normal;s:20,16,12,7;l:0,20,15,9;\"\n\t\t\t\t\t\t\t\tdata-dim=\"w:273px,225px,170px,110px;h:150px,123px,93px,60px;\"\n\t\t\t\t\t\t\t\tdata-frame_999=\"o:0;st:w;\"\n\t\t\t\t\t\t\t\tstyle=\"z-index:8;\"\n\t\t\t\t\t\t\t><img loading=\"lazy\" decoding=\"async\" src=\"\/\/navidalia.mx\/guadalajara\/wp-content\/plugins\/revslider\/public\/assets\/assets\/dummy.png\" class=\"tp-rs-img rs-lazyload\" width=\"414\" height=\"227\" data-lazyload=\"\/\/navidalia.mx\/guadalajara\/wp-content\/uploads\/2022\/10\/Logo-Altea.png\" data-no-retina> \n\t\t\t\t\t\t\t<\/a><!--\n\n\t\t\t\t\t\t\t--><a\n\t\t\t\t\t\t\t\tid=\"slider-10-slide-12-layer-10\" \n\t\t\t\t\t\t\t\tclass=\"rs-layer\"\n\t\t\t\t\t\t\t\thref=\"https:\/\/www.instagram.com\/navidaliagdl\/\" target=\"_blank\" rel=\"noopener\"\n\t\t\t\t\t\t\t\tdata-type=\"image\"\n\t\t\t\t\t\t\t\tdata-rsp_ch=\"on\"\n\t\t\t\t\t\t\t\tdata-xy=\"xo:547px,451px,402px,187px;yo:44px,36px,47px,11px;\"\n\t\t\t\t\t\t\t\tdata-text=\"w:normal;s:20,16,12,7;l:0,20,15,9;\"\n\t\t\t\t\t\t\t\tdata-dim=\"w:38px,31px,23px,20.991500000000002px;h:38px,31px,23px,21px;\"\n\t\t\t\t\t\t\t\tdata-frame_999=\"o:0;st:w;\"\n\t\t\t\t\t\t\t\tstyle=\"z-index:14;\"\n\t\t\t\t\t\t\t><img loading=\"lazy\" decoding=\"async\" src=\"\/\/navidalia.mx\/guadalajara\/wp-content\/plugins\/revslider\/public\/assets\/assets\/dummy.png\" class=\"tp-rs-img rs-lazyload\" width=\"50\" height=\"50\" data-lazyload=\"\/\/navidalia.mx\/guadalajara\/wp-content\/uploads\/2021\/10\/Insta.png\" data-no-retina> \n\t\t\t\t\t\t\t<\/a><!--\n\n\t\t\t\t\t\t\t--><a\n\t\t\t\t\t\t\t\tid=\"slider-10-slide-12-layer-11\" \n\t\t\t\t\t\t\t\tclass=\"rs-layer\"\n\t\t\t\t\t\t\t\thref=\"https:\/\/www.facebook.com\/Navidaliagdl\" target=\"_blank\" rel=\"noopener\"\n\t\t\t\t\t\t\t\tdata-type=\"image\"\n\t\t\t\t\t\t\t\tdata-rsp_ch=\"on\"\n\t\t\t\t\t\t\t\tdata-xy=\"x:c;xo:0,0,62px,-15px;yo:44px,36px,47px,11px;\"\n\t\t\t\t\t\t\t\tdata-text=\"w:normal;s:20,16,12,7;l:0,20,15,9;\"\n\t\t\t\t\t\t\t\tdata-dim=\"w:38px,31px,23px,21.991500000000002px;h:38px,31px,23px,22px;\"\n\t\t\t\t\t\t\t\tdata-frame_999=\"o:0;st:w;\"\n\t\t\t\t\t\t\t\tstyle=\"z-index:15;\"\n\t\t\t\t\t\t\t><img loading=\"lazy\" decoding=\"async\" src=\"\/\/navidalia.mx\/guadalajara\/wp-content\/plugins\/revslider\/public\/assets\/assets\/dummy.png\" class=\"tp-rs-img rs-lazyload\" width=\"50\" height=\"50\" data-lazyload=\"\/\/navidalia.mx\/wp-content\/uploads\/2021\/10\/Face.png\" data-no-retina> \n\t\t\t\t\t\t\t<\/a><!--\n\n\t\t\t\t\t\t\t--><a\n\t\t\t\t\t\t\t\tid=\"slider-10-slide-12-layer-12\" \n\t\t\t\t\t\t\t\tclass=\"rs-layer\"\n\t\t\t\t\t\t\t\thref=\"https:\/\/vm.tiktok.com\/ZM8uoTd6L\/\" target=\"_blank\" rel=\"noopener\"\n\t\t\t\t\t\t\t\tdata-type=\"image\"\n\t\t\t\t\t\t\t\tdata-rsp_ch=\"on\"\n\t\t\t\t\t\t\t\tdata-xy=\"xo:656px,541px,476px,242px;yo:44px,36px,47px,12px;\"\n\t\t\t\t\t\t\t\tdata-text=\"w:normal;s:20,16,12,7;l:0,20,15,9;\"\n\t\t\t\t\t\t\t\tdata-dim=\"w:38.9773px,31px,23px,19.9972px;h:39px,32px,24px,20px;\"\n\t\t\t\t\t\t\t\tdata-frame_999=\"o:0;st:w;\"\n\t\t\t\t\t\t\t\tstyle=\"z-index:16;\"\n\t\t\t\t\t\t\t><img loading=\"lazy\" decoding=\"async\" src=\"\/\/navidalia.mx\/guadalajara\/wp-content\/plugins\/revslider\/public\/assets\/assets\/dummy.png\" class=\"tp-rs-img rs-lazyload\" width=\"50\" height=\"50\" data-lazyload=\"\/\/navidalia.mx\/wp-content\/uploads\/2021\/10\/Tik.png\" data-no-retina> \n\t\t\t\t\t\t\t<\/a><!--\n-->\t\t\t\t\t\t<\/rs-slide>\n\t\t\t\t\t<\/rs-slides>\n\t\t\t\t<\/rs-module>\n\t\t\t\t<script type=\"text\/javascript\">\n\t\t\t\t\tsetREVStartSize({c: 'rev_slider_10_1',rl:[1240,1024,778,480],el:[150,150,150,120],gw:[1240,1024,778,480],gh:[150,150,150,120],type:'standard',justify:'',layout:'fullwidth',mh:\"0\"});if (window.RS_MODULES!==undefined && window.RS_MODULES.modules!==undefined && window.RS_MODULES.modules[\"revslider101\"]!==undefined) {window.RS_MODULES.modules[\"revslider101\"].once = false;window.revapi10 = undefined;if (window.RS_MODULES.checkMinimal!==undefined) window.RS_MODULES.checkMinimal()}\n\t\t\t\t<\/script>\n\t\t\t<\/rs-module-wrap>\n\t\t\t<!-- END REVOLUTION SLIDER -->\n\t\t<\/div>\n\t\t\t\t<\/div>\n\t\t\t\t\t<\/div>\n\t\t<\/div>\n\t\t\t\t\t\t\t<\/div>\n\t\t<\/section>\n\t\t\t\t\t\t<\/div>\n\t\t\t\t\t<\/div>\n\t\t","protected":false},"excerpt":{"rendered":"","protected":false},"author":1,"featured_media":0,"parent":0,"menu_order":0,"comment_status":"closed","ping_status":"closed","template":"","meta":{"footnotes":""},"class_list":["post-1657","page","type-page","status-publish","hentry"],"yoast_head":"<!-- This site is optimized with the Yoast SEO plugin v17.7.1 - https:\/\/yoast.com\/wordpress\/plugins\/seo\/ -->\n<title>Patrocinadores - Navidalia parque tem\u00e1tico un lugar para so\u00f1ar despiertos<\/title>\n<meta name=\"robots\" content=\"index, follow, max-snippet:-1, max-image-preview:large, max-video-preview:-1\" \/>\n<link rel=\"canonical\" href=\"https:\/\/navidalia.mx\/guadalajara\/patrocinadores\/\" \/>\n<meta property=\"og:locale\" content=\"es_MX\" \/>\n<meta property=\"og:type\" content=\"article\" \/>\n<meta property=\"og:title\" content=\"Patrocinadores - Navidalia parque tem\u00e1tico un lugar para so\u00f1ar despiertos\" \/>\n<meta property=\"og:url\" content=\"https:\/\/navidalia.mx\/guadalajara\/patrocinadores\/\" \/>\n<meta property=\"og:site_name\" content=\"Navidalia parque tem\u00e1tico un lugar para so\u00f1ar despiertos\" \/>\n<meta property=\"article:modified_time\" content=\"2021-11-01T20:50:56+00:00\" \/>\n<meta name=\"twitter:card\" content=\"summary_large_image\" \/>\n<script type=\"application\/ld+json\" class=\"yoast-schema-graph\">{\"@context\":\"https:\/\/schema.org\",\"@graph\":[{\"@type\":\"WebSite\",\"@id\":\"https:\/\/navidalia.mx\/guadalajara\/#website\",\"url\":\"https:\/\/navidalia.mx\/guadalajara\/\",\"name\":\"Navidalia parque tem\\u00e1tico un lugar para so\\u00f1ar despiertos\",\"description\":\"Siente la Navidad de nuevo entre el aroma del ponche caliente y bu\\u00f1uelos, la hechizante nieve n\\u00f3rdica, la diversidad del viejo mundo y la majestuosidad de los Reyes Magos\",\"potentialAction\":[{\"@type\":\"SearchAction\",\"target\":{\"@type\":\"EntryPoint\",\"urlTemplate\":\"https:\/\/navidalia.mx\/guadalajara\/?s={search_term_string}\"},\"query-input\":\"required name=search_term_string\"}],\"inLanguage\":\"es\"},{\"@type\":\"WebPage\",\"@id\":\"https:\/\/navidalia.mx\/guadalajara\/patrocinadores\/#webpage\",\"url\":\"https:\/\/navidalia.mx\/guadalajara\/patrocinadores\/\",\"name\":\"Patrocinadores - Navidalia parque tem\\u00e1tico un lugar para so\\u00f1ar despiertos\",\"isPartOf\":{\"@id\":\"https:\/\/navidalia.mx\/guadalajara\/#website\"},\"datePublished\":\"2021-11-01T20:28:34+00:00\",\"dateModified\":\"2021-11-01T20:50:56+00:00\",\"breadcrumb\":{\"@id\":\"https:\/\/navidalia.mx\/guadalajara\/patrocinadores\/#breadcrumb\"},\"inLanguage\":\"es\",\"potentialAction\":[{\"@type\":\"ReadAction\",\"target\":[\"https:\/\/navidalia.mx\/guadalajara\/patrocinadores\/\"]}]},{\"@type\":\"BreadcrumbList\",\"@id\":\"https:\/\/navidalia.mx\/guadalajara\/patrocinadores\/#breadcrumb\",\"itemListElement\":[{\"@type\":\"ListItem\",\"position\":1,\"name\":\"Inicio\",\"item\":\"https:\/\/navidalia.mx\/guadalajara\/\"},{\"@type\":\"ListItem\",\"position\":2,\"name\":\"Patrocinadores\"}]}]}<\/script>\n<!-- \/ Yoast SEO plugin. -->","yoast_head_json":{"title":"Patrocinadores - Navidalia parque tem\u00e1tico un lugar para so\u00f1ar despiertos","robots":{"index":"index","follow":"follow","max-snippet":"max-snippet:-1","max-image-preview":"max-image-preview:large","max-video-preview":"max-video-preview:-1"},"canonical":"https:\/\/navidalia.mx\/guadalajara\/patrocinadores\/","og_locale":"es_MX","og_type":"article","og_title":"Patrocinadores - Navidalia parque tem\u00e1tico un lugar para so\u00f1ar despiertos","og_url":"https:\/\/navidalia.mx\/guadalajara\/patrocinadores\/","og_site_name":"Navidalia parque tem\u00e1tico un lugar para so\u00f1ar despiertos","article_modified_time":"2021-11-01T20:50:56+00:00","twitter_card":"summary_large_image","schema":{"@context":"https:\/\/schema.org","@graph":[{"@type":"WebSite","@id":"https:\/\/navidalia.mx\/guadalajara\/#website","url":"https:\/\/navidalia.mx\/guadalajara\/","name":"Navidalia parque tem\u00e1tico un lugar para so\u00f1ar despiertos","description":"Siente la Navidad de nuevo entre el aroma del ponche caliente y bu\u00f1uelos, la hechizante nieve n\u00f3rdica, la diversidad del viejo mundo y la majestuosidad de los Reyes Magos","potentialAction":[{"@type":"SearchAction","target":{"@type":"EntryPoint","urlTemplate":"https:\/\/navidalia.mx\/guadalajara\/?s={search_term_string}"},"query-input":"required name=search_term_string"}],"inLanguage":"es"},{"@type":"WebPage","@id":"https:\/\/navidalia.mx\/guadalajara\/patrocinadores\/#webpage","url":"https:\/\/navidalia.mx\/guadalajara\/patrocinadores\/","name":"Patrocinadores - Navidalia parque tem\u00e1tico un lugar para so\u00f1ar despiertos","isPartOf":{"@id":"https:\/\/navidalia.mx\/guadalajara\/#website"},"datePublished":"2021-11-01T20:28:34+00:00","dateModified":"2021-11-01T20:50:56+00:00","breadcrumb":{"@id":"https:\/\/navidalia.mx\/guadalajara\/patrocinadores\/#breadcrumb"},"inLanguage":"es","potentialAction":[{"@type":"ReadAction","target":["https:\/\/navidalia.mx\/guadalajara\/patrocinadores\/"]}]},{"@type":"BreadcrumbList","@id":"https:\/\/navidalia.mx\/guadalajara\/patrocinadores\/#breadcrumb","itemListElement":[{"@type":"ListItem","position":1,"name":"Inicio","item":"https:\/\/navidalia.mx\/guadalajara\/"},{"@type":"ListItem","position":2,"name":"Patrocinadores"}]}]}},"_links":{"self":[{"href":"https:\/\/navidalia.mx\/guadalajara\/wp-json\/wp\/v2\/pages\/1657","targetHints":{"allow":["GET"]}}],"collection":[{"href":"https:\/\/navidalia.mx\/guadalajara\/wp-json\/wp\/v2\/pages"}],"about":[{"href":"https:\/\/navidalia.mx\/guadalajara\/wp-json\/wp\/v2\/types\/page"}],"author":[{"embeddable":true,"href":"https:\/\/navidalia.mx\/guadalajara\/wp-json\/wp\/v2\/users\/1"}],"replies":[{"embeddable":true,"href":"https:\/\/navidalia.mx\/guadalajara\/wp-json\/wp\/v2\/comments?post=1657"}],"version-history":[{"count":4,"href":"https:\/\/navidalia.mx\/guadalajara\/wp-json\/wp\/v2\/pages\/1657\/revisions"}],"predecessor-version":[{"id":1688,"href":"https:\/\/navidalia.mx\/guadalajara\/wp-json\/wp\/v2\/pages\/1657\/revisions\/1688"}],"wp:attachment":[{"href":"https:\/\/navidalia.mx\/guadalajara\/wp-json\/wp\/v2\/media?parent=1657"}],"curies":[{"name":"wp","href":"https:\/\/api.w.org\/{rel}","templated":true}]}}