{"id":1871,"date":"2021-12-08T00:13:26","date_gmt":"2021-12-08T00:13:26","guid":{"rendered":"https:\/\/navidalia.mx\/guadalajara\/?page_id=1871"},"modified":"2022-05-10T18:24:42","modified_gmt":"2022-05-10T18:24:42","slug":"home","status":"publish","type":"page","link":"https:\/\/navidalia.mx\/guadalajara\/en\/home\/","title":{"rendered":"Home"},"content":{"rendered":"\t\t<div data-elementor-type=\"wp-page\" data-elementor-id=\"1871\" class=\"elementor elementor-1871\" data-elementor-settings=\"[]\">\n\t\t\t\t\t\t\t<div class=\"elementor-section-wrap\">\n\t\t\t\t\t\t\t<section class=\"elementor-section elementor-top-section elementor-element elementor-element-6b680e8 elementor-section-stretched elementor-section-boxed elementor-section-height-default elementor-section-height-default\" data-id=\"6b680e8\" data-element_type=\"section\" data-settings=\"{&quot;stretch_section&quot;:&quot;section-stretched&quot;,&quot;background_background&quot;:&quot;classic&quot;}\">\n\t\t\t\t\t\t<div class=\"elementor-container elementor-column-gap-wider\">\n\t\t\t\t\t<div class=\"elementor-column elementor-col-100 elementor-top-column elementor-element elementor-element-c1c8c0c\" data-id=\"c1c8c0c\" data-element_type=\"column\">\n\t\t\t<div class=\"elementor-widget-wrap elementor-element-populated\">\n\t\t\t\t\t\t\t\t<section class=\"elementor-section elementor-inner-section elementor-element elementor-element-efddcd2 elementor-section-boxed elementor-section-height-default elementor-section-height-default\" data-id=\"efddcd2\" data-element_type=\"section\">\n\t\t\t\t\t\t<div class=\"elementor-container elementor-column-gap-default\">\n\t\t\t\t\t<div class=\"elementor-column elementor-col-50 elementor-inner-column elementor-element elementor-element-9ef4655\" data-id=\"9ef4655\" data-element_type=\"column\">\n\t\t\t<div class=\"elementor-widget-wrap\">\n\t\t\t\t\t\t\t\t\t<\/div>\n\t\t<\/div>\n\t\t\t\t<div class=\"elementor-column elementor-col-50 elementor-inner-column elementor-element elementor-element-789bf04\" data-id=\"789bf04\" data-element_type=\"column\">\n\t\t\t<div class=\"elementor-widget-wrap\">\n\t\t\t\t\t\t\t\t\t<\/div>\n\t\t<\/div>\n\t\t\t\t\t\t\t<\/div>\n\t\t<\/section>\n\t\t\t\t<section class=\"elementor-section elementor-inner-section elementor-element elementor-element-233a2ce elementor-section-boxed elementor-section-height-default elementor-section-height-default\" data-id=\"233a2ce\" data-element_type=\"section\">\n\t\t\t\t\t\t<div class=\"elementor-container elementor-column-gap-default\">\n\t\t\t\t\t<div class=\"elementor-column elementor-col-33 elementor-inner-column elementor-element elementor-element-59d503e\" data-id=\"59d503e\" data-element_type=\"column\">\n\t\t\t<div class=\"elementor-widget-wrap\">\n\t\t\t\t\t\t\t\t\t<\/div>\n\t\t<\/div>\n\t\t\t\t<div class=\"elementor-column elementor-col-33 elementor-inner-column elementor-element elementor-element-ccf88d6\" data-id=\"ccf88d6\" data-element_type=\"column\">\n\t\t\t<div class=\"elementor-widget-wrap elementor-element-populated\">\n\t\t\t\t\t\t\t\t<div class=\"elementor-element elementor-element-82fbcd4 elementor-widget elementor-widget-image\" data-id=\"82fbcd4\" data-element_type=\"widget\" data-widget_type=\"image.default\">\n\t\t\t\t<div class=\"elementor-widget-container\">\n\t\t\t\t\t\t\t\t\t\t\t\t\t\t\t<img loading=\"lazy\" decoding=\"async\" width=\"907\" height=\"78\" src=\"https:\/\/navidalia.mx\/guadalajara\/wp-content\/uploads\/2021\/12\/Welcomer.jpg\" class=\"attachment-large size-large\" alt=\"\" srcset=\"https:\/\/navidalia.mx\/guadalajara\/wp-content\/uploads\/2021\/12\/Welcomer.jpg 907w, https:\/\/navidalia.mx\/guadalajara\/wp-content\/uploads\/2021\/12\/Welcomer-300x26.jpg 300w, https:\/\/navidalia.mx\/guadalajara\/wp-content\/uploads\/2021\/12\/Welcomer-768x66.jpg 768w, https:\/\/navidalia.mx\/guadalajara\/wp-content\/uploads\/2021\/12\/Welcomer-260x22.jpg 260w, https:\/\/navidalia.mx\/guadalajara\/wp-content\/uploads\/2021\/12\/Welcomer-50x4.jpg 50w, https:\/\/navidalia.mx\/guadalajara\/wp-content\/uploads\/2021\/12\/Welcomer-150x13.jpg 150w\" sizes=\"auto, (max-width: 907px) 100vw, 907px\" \/>\t\t\t\t\t\t\t\t\t\t\t\t\t\t\t<\/div>\n\t\t\t\t<\/div>\n\t\t\t\t<div class=\"elementor-element elementor-element-5ec641d elementor-aspect-ratio-169 elementor-widget elementor-widget-video\" data-id=\"5ec641d\" data-element_type=\"widget\" data-settings=\"{&quot;youtube_url&quot;:&quot;https:\\\/\\\/www.youtube.com\\\/watch?v=J_z_YGWd1Hg&quot;,&quot;show_image_overlay&quot;:&quot;yes&quot;,&quot;image_overlay&quot;:{&quot;url&quot;:&quot;http:\\\/\\\/navidalia.mx\\\/wp-content\\\/uploads\\\/2021\\\/10\\\/Video-min.png&quot;,&quot;id&quot;:1109,&quot;alt&quot;:&quot;Video-min&quot;,&quot;source&quot;:&quot;library&quot;},&quot;video_type&quot;:&quot;youtube&quot;,&quot;controls&quot;:&quot;yes&quot;,&quot;aspect_ratio&quot;:&quot;169&quot;}\" data-widget_type=\"video.default\">\n\t\t\t\t<div class=\"elementor-widget-container\">\n\t\t\t\t\t<div class=\"elementor-wrapper elementor-fit-aspect-ratio elementor-open-inline\">\n\t\t\t<div class=\"elementor-video\"><\/div>\t\t\t\t<div class=\"elementor-custom-embed-image-overlay\" style=\"background-image: url(https:\/\/navidalia.mx\/guadalajara\/wp-content\/uploads\/2021\/10\/Video-min.png);\">\n\t\t\t\t\t\t\t\t\t\t\t\t\t\t\t\t<div class=\"elementor-custom-embed-play\" role=\"button\">\n\t\t\t\t\t\t\t<i class=\"eicon-play\" aria-hidden=\"true\"><\/i>\n\t\t\t\t\t\t\t<span class=\"elementor-screen-only\">Reproducir video<\/span>\n\t\t\t\t\t\t<\/div>\n\t\t\t\t\t\t\t\t\t<\/div>\n\t\t\t\t\t<\/div>\n\t\t\t\t<\/div>\n\t\t\t\t<\/div>\n\t\t\t\t<div class=\"elementor-element elementor-element-b073c2c elementor-widget elementor-widget-spacer\" data-id=\"b073c2c\" data-element_type=\"widget\" data-widget_type=\"spacer.default\">\n\t\t\t\t<div class=\"elementor-widget-container\">\n\t\t\t\t\t<div class=\"elementor-spacer\">\n\t\t\t<div class=\"elementor-spacer-inner\"><\/div>\n\t\t<\/div>\n\t\t\t\t<\/div>\n\t\t\t\t<\/div>\n\t\t\t\t\t<\/div>\n\t\t<\/div>\n\t\t\t\t<div class=\"elementor-column elementor-col-33 elementor-inner-column elementor-element elementor-element-013eef8\" data-id=\"013eef8\" data-element_type=\"column\">\n\t\t\t<div class=\"elementor-widget-wrap\">\n\t\t\t\t\t\t\t\t\t<\/div>\n\t\t<\/div>\n\t\t\t\t\t\t\t<\/div>\n\t\t<\/section>\n\t\t\t\t<section class=\"elementor-section elementor-inner-section elementor-element elementor-element-d1707f2 elementor-section-full_width elementor-section-height-default elementor-section-height-default\" data-id=\"d1707f2\" data-element_type=\"section\">\n\t\t\t\t\t\t<div class=\"elementor-container elementor-column-gap-default\">\n\t\t\t\t\t<div class=\"elementor-column elementor-col-100 elementor-inner-column elementor-element elementor-element-8a2d756\" data-id=\"8a2d756\" data-element_type=\"column\">\n\t\t\t<div class=\"elementor-widget-wrap elementor-element-populated\">\n\t\t\t\t\t\t\t\t<div class=\"elementor-element elementor-element-75b87b6 elementor-widget elementor-widget-image\" data-id=\"75b87b6\" data-element_type=\"widget\" data-widget_type=\"image.default\">\n\t\t\t\t<div class=\"elementor-widget-container\">\n\t\t\t\t\t\t\t\t\t\t\t\t\t\t\t\t<a href=\"https:\/\/navidalia.mx\/patrocinadores\/\">\n\t\t\t\t\t\t\t<img loading=\"lazy\" decoding=\"async\" width=\"768\" height=\"821\" src=\"https:\/\/navidalia.mx\/guadalajara\/wp-content\/uploads\/2021\/11\/NAV-21_Logos_patrocinadores_V16-768x821.png\" class=\"attachment-medium_large size-medium_large\" alt=\"\" srcset=\"https:\/\/navidalia.mx\/guadalajara\/wp-content\/uploads\/2021\/11\/NAV-21_Logos_patrocinadores_V16-768x821.png 768w, https:\/\/navidalia.mx\/guadalajara\/wp-content\/uploads\/2021\/11\/NAV-21_Logos_patrocinadores_V16-281x300.png 281w, https:\/\/navidalia.mx\/guadalajara\/wp-content\/uploads\/2021\/11\/NAV-21_Logos_patrocinadores_V16-958x1024.png 958w, https:\/\/navidalia.mx\/guadalajara\/wp-content\/uploads\/2021\/11\/NAV-21_Logos_patrocinadores_V16-1437x1536.png 1437w, https:\/\/navidalia.mx\/guadalajara\/wp-content\/uploads\/2021\/11\/NAV-21_Logos_patrocinadores_V16-137x146.png 137w, https:\/\/navidalia.mx\/guadalajara\/wp-content\/uploads\/2021\/11\/NAV-21_Logos_patrocinadores_V16-47x50.png 47w, https:\/\/navidalia.mx\/guadalajara\/wp-content\/uploads\/2021\/11\/NAV-21_Logos_patrocinadores_V16-70x75.png 70w, https:\/\/navidalia.mx\/guadalajara\/wp-content\/uploads\/2021\/11\/NAV-21_Logos_patrocinadores_V16.png 1563w\" sizes=\"auto, (max-width: 768px) 100vw, 768px\" \/>\t\t\t\t\t\t\t\t<\/a>\n\t\t\t\t\t\t\t\t\t\t\t\t\t\t\t<\/div>\n\t\t\t\t<\/div>\n\t\t\t\t<div class=\"elementor-element elementor-element-b7cde1e elementor-widget elementor-widget-wp-widget-rev-slider-widget\" data-id=\"b7cde1e\" data-element_type=\"widget\" data-widget_type=\"wp-widget-rev-slider-widget.default\">\n\t\t\t\t<div class=\"elementor-widget-container\">\n\t\t\t\n\t\t\t<!-- START Footer rojo Ingles REVOLUTION SLIDER 6.5.6 --><p class=\"rs-p-wp-fix\"><\/p>\n\t\t\t<rs-module-wrap id=\"rev_slider_28_1_wrapper\" data-source=\"gallery\" style=\"visibility:hidden;background:transparent;padding:0;margin:0px auto;margin-top:0;margin-bottom:0;\">\n\t\t\t\t<rs-module id=\"rev_slider_28_1\" style=\"\" data-version=\"6.5.6\">\n\t\t\t\t\t<rs-slides>\n\t\t\t\t\t\t<rs-slide style=\"position: absolute;\" data-key=\"rs-34\" data-title=\"Slide\" data-in=\"o:0;\" data-out=\"a:false;\">\n\t\t\t\t\t\t\t<img loading=\"lazy\" decoding=\"async\" src=\"\/\/navidalia.mx\/guadalajara\/wp-content\/plugins\/revslider\/public\/assets\/assets\/dummy.png\" title=\"Back\" width=\"1530\" height=\"2560\" class=\"rev-slidebg tp-rs-img rs-lazyload\" data-lazyload=\"\/\/navidalia.mx\/wp-content\/uploads\/2021\/10\/Back-scaled.jpg\" data-bg=\"p:center bottom;\" data-no-retina>\n<!--\n\t\t\t\t\t\t\t--><rs-layer\n\t\t\t\t\t\t\t\tid=\"slider-28-slide-34-layer-0\" \n\t\t\t\t\t\t\t\tdata-type=\"text\"\n\t\t\t\t\t\t\t\tdata-rsp_ch=\"on\"\n\t\t\t\t\t\t\t\tdata-xy=\"x:c;xo:-172px,-142px,-82px,-109px;yo:113px,93px,89px,95px;\"\n\t\t\t\t\t\t\t\tdata-text=\"w:normal;s:15,12,9,8;l:25,20,15,9;\"\n\t\t\t\t\t\t\t\tdata-frame_999=\"o:0;st:w;\"\n\t\t\t\t\t\t\t\tstyle=\"z-index:13;font-family:'Roboto';\"\n\t\t\t\t\t\t\t>\u00a9 2021 NAVIDALIA | \n\t\t\t\t\t\t\t<\/rs-layer><!--\n\n\t\t\t\t\t\t\t--><a\n\t\t\t\t\t\t\t\tid=\"slider-28-slide-34-layer-1\" \n\t\t\t\t\t\t\t\tclass=\"rs-layer\"\n\t\t\t\t\t\t\t\thref=\"https:\/\/navidalia.mx\/wp-content\/uploads\/2021\/11\/AvisodePrivacidad_Navidalia.pdf\" target=\"_blank\" rel=\"noopener\"\n\t\t\t\t\t\t\t\tdata-type=\"text\"\n\t\t\t\t\t\t\t\tdata-rsp_ch=\"on\"\n\t\t\t\t\t\t\t\tdata-xy=\"x:c;xo:-50px,-41px,1px,-35px;yo:113px,93px,89px,95px;\"\n\t\t\t\t\t\t\t\tdata-text=\"w:normal;s:15,12,9,8;l:25,20,15,9;\"\n\t\t\t\t\t\t\t\tdata-frame_999=\"o:0;st:w;\"\n\t\t\t\t\t\t\t\tstyle=\"z-index:12;font-family:'Roboto';\"\n\t\t\t\t\t\t\t>Privacy Policy  | \n\t\t\t\t\t\t\t<\/a><!--\n\n\t\t\t\t\t\t\t--><a\n\t\t\t\t\t\t\t\tid=\"slider-28-slide-34-layer-2\" \n\t\t\t\t\t\t\t\tclass=\"rs-layer\"\n\t\t\t\t\t\t\t\thref=\"https:\/\/navidalia.mx\/wp-content\/uploads\/2021\/11\/Politicas-Generales-Nav-21.pdf\" target=\"_blank\" rel=\"noopener\"\n\t\t\t\t\t\t\t\tdata-type=\"text\"\n\t\t\t\t\t\t\t\tdata-rsp_ch=\"on\"\n\t\t\t\t\t\t\t\tdata-xy=\"x:c;xo:58px,47px,87px,40px;yo:113px,93px,89px,95px;\"\n\t\t\t\t\t\t\t\tdata-text=\"w:normal;s:15,12,9,8;l:25,20,15,9;\"\n\t\t\t\t\t\t\t\tdata-frame_999=\"o:0;st:w;\"\n\t\t\t\t\t\t\t\tstyle=\"z-index:11;font-family:'Roboto';\"\n\t\t\t\t\t\t\t>Purchase Policy  | \n\t\t\t\t\t\t\t<\/a><!--\n\n\t\t\t\t\t\t\t--><a\n\t\t\t\t\t\t\t\tid=\"slider-28-slide-34-layer-3\" \n\t\t\t\t\t\t\t\tclass=\"rs-layer\"\n\t\t\t\t\t\t\t\thref=\"https:\/\/navidalia.mx\/patrocinadores\/\" target=\"_self\"\n\t\t\t\t\t\t\t\tdata-type=\"text\"\n\t\t\t\t\t\t\t\tdata-rsp_ch=\"on\"\n\t\t\t\t\t\t\t\tdata-xy=\"x:c;xo:151px,124px,161px,107px;yo:113px,93px,89px,95px;\"\n\t\t\t\t\t\t\t\tdata-text=\"w:normal;s:15,12,9,8;l:25,20,15,9;\"\n\t\t\t\t\t\t\t\tdata-frame_999=\"o:0;st:w;\"\n\t\t\t\t\t\t\t\tstyle=\"z-index:10;font-family:'Roboto';\"\n\t\t\t\t\t\t\t>Sponsors \n\t\t\t\t\t\t\t<\/a><!--\n\n\t\t\t\t\t\t\t--><a\n\t\t\t\t\t\t\t\tid=\"slider-28-slide-34-layer-8\" \n\t\t\t\t\t\t\t\tclass=\"rs-layer\"\n\t\t\t\t\t\t\t\thref=\"https:\/\/www.alteacorp.com\/es\/\" target=\"_self\"\n\t\t\t\t\t\t\t\tdata-type=\"image\"\n\t\t\t\t\t\t\t\tdata-rsp_ch=\"on\"\n\t\t\t\t\t\t\t\tdata-xy=\"x:l,l,l,c;xo:86px,71px,93px,0;yo:61px,50px,55px,43px;\"\n\t\t\t\t\t\t\t\tdata-text=\"w:normal;s:20,16,12,7;l:0,20,15,9;\"\n\t\t\t\t\t\t\t\tdata-dim=\"w:193px,159px,120px,97.9943px;h:74px,61px,46px,35px;\"\n\t\t\t\t\t\t\t\tdata-frame_999=\"o:0;st:w;\"\n\t\t\t\t\t\t\t\tstyle=\"z-index:8;\"\n\t\t\t\t\t\t\t><img loading=\"lazy\" decoding=\"async\" src=\"\/\/navidalia.mx\/guadalajara\/wp-content\/plugins\/revslider\/public\/assets\/assets\/dummy.png\" class=\"tp-rs-img rs-lazyload\" width=\"185\" height=\"71\" data-lazyload=\"\/\/navidalia.mx\/guadalajara\/wp-content\/uploads\/2021\/12\/Created-by-alteacorp.png\" data-no-retina> \n\t\t\t\t\t\t\t<\/a><!--\n\n\t\t\t\t\t\t\t--><a\n\t\t\t\t\t\t\t\tid=\"slider-28-slide-34-layer-10\" \n\t\t\t\t\t\t\t\tclass=\"rs-layer\"\n\t\t\t\t\t\t\t\thref=\"https:\/\/www.instagram.com\/navidaliagdl\/\" target=\"_blank\" rel=\"noopener\"\n\t\t\t\t\t\t\t\tdata-type=\"image\"\n\t\t\t\t\t\t\t\tdata-rsp_ch=\"on\"\n\t\t\t\t\t\t\t\tdata-xy=\"xo:543px,448px,407px,204px;yo:43px,35px,47px,11px;\"\n\t\t\t\t\t\t\t\tdata-text=\"w:normal;s:20,16,12,7;l:0,20,15,9;\"\n\t\t\t\t\t\t\t\tdata-dim=\"w:38px,31px,23px,20.991500000000002px;h:38px,31px,23px,21px;\"\n\t\t\t\t\t\t\t\tdata-frame_999=\"o:0;st:w;\"\n\t\t\t\t\t\t\t\tstyle=\"z-index:14;\"\n\t\t\t\t\t\t\t><img loading=\"lazy\" decoding=\"async\" src=\"\/\/navidalia.mx\/guadalajara\/wp-content\/plugins\/revslider\/public\/assets\/assets\/dummy.png\" class=\"tp-rs-img rs-lazyload\" width=\"50\" height=\"50\" data-lazyload=\"\/\/navidalia.mx\/guadalajara\/wp-content\/uploads\/2021\/10\/Insta.png\" data-no-retina> \n\t\t\t\t\t\t\t<\/a><!--\n\n\t\t\t\t\t\t\t--><a\n\t\t\t\t\t\t\t\tid=\"slider-28-slide-34-layer-11\" \n\t\t\t\t\t\t\t\tclass=\"rs-layer\"\n\t\t\t\t\t\t\t\thref=\"https:\/\/www.facebook.com\/Navidaliagdl\" target=\"_blank\" rel=\"noopener\"\n\t\t\t\t\t\t\t\tdata-type=\"image\"\n\t\t\t\t\t\t\t\tdata-rsp_ch=\"on\"\n\t\t\t\t\t\t\t\tdata-xy=\"x:c;xo:0,0,62px,0;yo:44px,36px,47px,10px;\"\n\t\t\t\t\t\t\t\tdata-text=\"w:normal;s:20,16,12,7;l:0,20,15,9;\"\n\t\t\t\t\t\t\t\tdata-dim=\"w:38px,31px,23px,21.991500000000002px;h:38px,31px,23px,22px;\"\n\t\t\t\t\t\t\t\tdata-frame_999=\"o:0;st:w;\"\n\t\t\t\t\t\t\t\tstyle=\"z-index:15;\"\n\t\t\t\t\t\t\t><img loading=\"lazy\" decoding=\"async\" src=\"\/\/navidalia.mx\/guadalajara\/wp-content\/plugins\/revslider\/public\/assets\/assets\/dummy.png\" class=\"tp-rs-img rs-lazyload\" width=\"50\" height=\"50\" data-lazyload=\"\/\/navidalia.mx\/wp-content\/uploads\/2021\/10\/Face.png\" data-no-retina> \n\t\t\t\t\t\t\t<\/a><!--\n\n\t\t\t\t\t\t\t--><a\n\t\t\t\t\t\t\t\tid=\"slider-28-slide-34-layer-12\" \n\t\t\t\t\t\t\t\tclass=\"rs-layer\"\n\t\t\t\t\t\t\t\thref=\"https:\/\/vm.tiktok.com\/ZM8uoTd6L\/\" target=\"_blank\" rel=\"noopener\"\n\t\t\t\t\t\t\t\tdata-type=\"image\"\n\t\t\t\t\t\t\t\tdata-rsp_ch=\"on\"\n\t\t\t\t\t\t\t\tdata-xy=\"xo:659px,544px,469px,261px;yo:44px,36px,47px,12px;\"\n\t\t\t\t\t\t\t\tdata-text=\"w:normal;s:20,16,12,7;l:0,20,15,9;\"\n\t\t\t\t\t\t\t\tdata-dim=\"w:38.9773px,31px,23px,17.991500000000002px;h:39px,32px,24px,18px;\"\n\t\t\t\t\t\t\t\tdata-frame_999=\"o:0;st:w;\"\n\t\t\t\t\t\t\t\tstyle=\"z-index:16;\"\n\t\t\t\t\t\t\t><img loading=\"lazy\" decoding=\"async\" src=\"\/\/navidalia.mx\/guadalajara\/wp-content\/plugins\/revslider\/public\/assets\/assets\/dummy.png\" class=\"tp-rs-img rs-lazyload\" width=\"50\" height=\"50\" data-lazyload=\"\/\/navidalia.mx\/wp-content\/uploads\/2021\/10\/Tik.png\" data-no-retina> \n\t\t\t\t\t\t\t<\/a><!--\n-->\t\t\t\t\t\t<\/rs-slide>\n\t\t\t\t\t<\/rs-slides>\n\t\t\t\t<\/rs-module>\n\t\t\t\t<script type=\"text\/javascript\">\n\t\t\t\t\tsetREVStartSize({c: 'rev_slider_28_1',rl:[1240,1024,778,480],el:[150,150,150,120],gw:[1240,1024,778,480],gh:[150,150,150,120],type:'standard',justify:'',layout:'fullwidth',mh:\"0\"});if (window.RS_MODULES!==undefined && window.RS_MODULES.modules!==undefined && window.RS_MODULES.modules[\"revslider281\"]!==undefined) {window.RS_MODULES.modules[\"revslider281\"].once = false;window.revapi28 = undefined;if (window.RS_MODULES.checkMinimal!==undefined) window.RS_MODULES.checkMinimal()}\n\t\t\t\t<\/script>\n\t\t\t<\/rs-module-wrap>\n\t\t\t<!-- END REVOLUTION SLIDER -->\n\t\t<\/div>\n\t\t\t\t<\/div>\n\t\t\t\t\t<\/div>\n\t\t<\/div>\n\t\t\t\t\t\t\t<\/div>\n\t\t<\/section>\n\t\t\t\t\t<\/div>\n\t\t<\/div>\n\t\t\t\t\t\t\t<\/div>\n\t\t<\/section>\n\t\t\t\t\t\t<\/div>\n\t\t\t\t\t<\/div>\n\t\t","protected":false},"excerpt":{"rendered":"https:\/\/www.youtube.com\/watch?v=J_z_YGWd1Hg","protected":false},"author":1,"featured_media":0,"parent":0,"menu_order":0,"comment_status":"closed","ping_status":"closed","template":"","meta":{"footnotes":""},"class_list":["post-1871","page","type-page","status-publish","hentry"],"yoast_head":"<!-- This site is optimized with the Yoast SEO plugin v17.7.1 - https:\/\/yoast.com\/wordpress\/plugins\/seo\/ -->\n<title>Navidalia parque tem\u00e1tico un lugar para so\u00f1ar despiertos<\/title>\n<meta name=\"description\" content=\"Siente la Navidad de nuevo entre el aroma del ponche caliente y bu\u00f1uelos, la hechizante nieve n\u00f3rdica, la diversidad del viejo mundo y la majestuosidad de los Reyes Magos\" \/>\n<meta name=\"robots\" content=\"index, follow, max-snippet:-1, max-image-preview:large, max-video-preview:-1\" \/>\n<link rel=\"canonical\" href=\"https:\/\/navidalia.mx\/guadalajara\/en\/home\/\" \/>\n<meta property=\"og:locale\" content=\"es_MX\" \/>\n<meta property=\"og:type\" content=\"article\" \/>\n<meta property=\"og:title\" content=\"Navidalia parque tem\u00e1tico un lugar para so\u00f1ar despiertos\" \/>\n<meta property=\"og:description\" content=\"Siente la Navidad de nuevo entre el aroma del ponche caliente y bu\u00f1uelos, la hechizante nieve n\u00f3rdica, la diversidad del viejo mundo y la majestuosidad de los Reyes Magos\" \/>\n<meta property=\"og:url\" content=\"https:\/\/navidalia.mx\/guadalajara\/en\/home\/\" \/>\n<meta property=\"og:site_name\" content=\"Navidalia parque tem\u00e1tico un lugar para so\u00f1ar despiertos\" \/>\n<meta property=\"article:modified_time\" content=\"2022-05-10T18:24:42+00:00\" \/>\n<meta property=\"og:image\" content=\"https:\/\/navidalia.mx\/guadalajara\/wp-content\/uploads\/2021\/12\/Welcomer.jpg\" \/>\n<meta name=\"twitter:card\" content=\"summary_large_image\" \/>\n<meta name=\"twitter:label1\" content=\"Tiempo de lectura\" \/>\n\t<meta name=\"twitter:data1\" content=\"2 minutos\" \/>\n<script type=\"application\/ld+json\" class=\"yoast-schema-graph\">{\"@context\":\"https:\/\/schema.org\",\"@graph\":[{\"@type\":\"WebSite\",\"@id\":\"https:\/\/navidalia.mx\/guadalajara\/#website\",\"url\":\"https:\/\/navidalia.mx\/guadalajara\/\",\"name\":\"Navidalia parque tem\\u00e1tico un lugar para so\\u00f1ar despiertos\",\"description\":\"Siente la Navidad de nuevo entre el aroma del ponche caliente y bu\\u00f1uelos, la hechizante nieve n\\u00f3rdica, la diversidad del viejo mundo y la majestuosidad de los Reyes Magos\",\"potentialAction\":[{\"@type\":\"SearchAction\",\"target\":{\"@type\":\"EntryPoint\",\"urlTemplate\":\"https:\/\/navidalia.mx\/guadalajara\/?s={search_term_string}\"},\"query-input\":\"required name=search_term_string\"}],\"inLanguage\":\"es\"},{\"@type\":\"ImageObject\",\"@id\":\"https:\/\/navidalia.mx\/guadalajara\/en\/home\/#primaryimage\",\"inLanguage\":\"es\",\"url\":\"https:\/\/navidalia.mx\/guadalajara\/wp-content\/uploads\/2021\/12\/Welcomer.jpg\",\"contentUrl\":\"https:\/\/navidalia.mx\/guadalajara\/wp-content\/uploads\/2021\/12\/Welcomer.jpg\",\"width\":907,\"height\":78},{\"@type\":\"WebPage\",\"@id\":\"https:\/\/navidalia.mx\/guadalajara\/en\/home\/#webpage\",\"url\":\"https:\/\/navidalia.mx\/guadalajara\/en\/home\/\",\"name\":\"Navidalia parque tem\\u00e1tico un lugar para so\\u00f1ar despiertos\",\"isPartOf\":{\"@id\":\"https:\/\/navidalia.mx\/guadalajara\/#website\"},\"primaryImageOfPage\":{\"@id\":\"https:\/\/navidalia.mx\/guadalajara\/en\/home\/#primaryimage\"},\"datePublished\":\"2021-12-08T00:13:26+00:00\",\"dateModified\":\"2022-05-10T18:24:42+00:00\",\"description\":\"Siente la Navidad de nuevo entre el aroma del ponche caliente y bu\\u00f1uelos, la hechizante nieve n\\u00f3rdica, la diversidad del viejo mundo y la majestuosidad de los Reyes Magos\",\"breadcrumb\":{\"@id\":\"https:\/\/navidalia.mx\/guadalajara\/en\/home\/#breadcrumb\"},\"inLanguage\":\"es\",\"potentialAction\":[{\"@type\":\"ReadAction\",\"target\":[\"https:\/\/navidalia.mx\/guadalajara\/en\/home\/\"]}]},{\"@type\":\"BreadcrumbList\",\"@id\":\"https:\/\/navidalia.mx\/guadalajara\/en\/home\/#breadcrumb\",\"itemListElement\":[{\"@type\":\"ListItem\",\"position\":1,\"name\":\"Inicio\",\"item\":\"https:\/\/navidalia.mx\/guadalajara\/\"},{\"@type\":\"ListItem\",\"position\":2,\"name\":\"Home\"}]}]}<\/script>\n<!-- \/ Yoast SEO plugin. -->","yoast_head_json":{"title":"Navidalia parque tem\u00e1tico un lugar para so\u00f1ar despiertos","description":"Siente la Navidad de nuevo entre el aroma del ponche caliente y bu\u00f1uelos, la hechizante nieve n\u00f3rdica, la diversidad del viejo mundo y la majestuosidad de los Reyes Magos","robots":{"index":"index","follow":"follow","max-snippet":"max-snippet:-1","max-image-preview":"max-image-preview:large","max-video-preview":"max-video-preview:-1"},"canonical":"https:\/\/navidalia.mx\/guadalajara\/en\/home\/","og_locale":"es_MX","og_type":"article","og_title":"Navidalia parque tem\u00e1tico un lugar para so\u00f1ar despiertos","og_description":"Siente la Navidad de nuevo entre el aroma del ponche caliente y bu\u00f1uelos, la hechizante nieve n\u00f3rdica, la diversidad del viejo mundo y la majestuosidad de los Reyes Magos","og_url":"https:\/\/navidalia.mx\/guadalajara\/en\/home\/","og_site_name":"Navidalia parque tem\u00e1tico un lugar para so\u00f1ar despiertos","article_modified_time":"2022-05-10T18:24:42+00:00","og_image":[{"url":"https:\/\/navidalia.mx\/guadalajara\/wp-content\/uploads\/2021\/12\/Welcomer.jpg"}],"twitter_card":"summary_large_image","twitter_misc":{"Tiempo de lectura":"2 minutos"},"schema":{"@context":"https:\/\/schema.org","@graph":[{"@type":"WebSite","@id":"https:\/\/navidalia.mx\/guadalajara\/#website","url":"https:\/\/navidalia.mx\/guadalajara\/","name":"Navidalia parque tem\u00e1tico un lugar para so\u00f1ar despiertos","description":"Siente la Navidad de nuevo entre el aroma del ponche caliente y bu\u00f1uelos, la hechizante nieve n\u00f3rdica, la diversidad del viejo mundo y la majestuosidad de los Reyes Magos","potentialAction":[{"@type":"SearchAction","target":{"@type":"EntryPoint","urlTemplate":"https:\/\/navidalia.mx\/guadalajara\/?s={search_term_string}"},"query-input":"required name=search_term_string"}],"inLanguage":"es"},{"@type":"ImageObject","@id":"https:\/\/navidalia.mx\/guadalajara\/en\/home\/#primaryimage","inLanguage":"es","url":"https:\/\/navidalia.mx\/guadalajara\/wp-content\/uploads\/2021\/12\/Welcomer.jpg","contentUrl":"https:\/\/navidalia.mx\/guadalajara\/wp-content\/uploads\/2021\/12\/Welcomer.jpg","width":907,"height":78},{"@type":"WebPage","@id":"https:\/\/navidalia.mx\/guadalajara\/en\/home\/#webpage","url":"https:\/\/navidalia.mx\/guadalajara\/en\/home\/","name":"Navidalia parque tem\u00e1tico un lugar para so\u00f1ar despiertos","isPartOf":{"@id":"https:\/\/navidalia.mx\/guadalajara\/#website"},"primaryImageOfPage":{"@id":"https:\/\/navidalia.mx\/guadalajara\/en\/home\/#primaryimage"},"datePublished":"2021-12-08T00:13:26+00:00","dateModified":"2022-05-10T18:24:42+00:00","description":"Siente la Navidad de nuevo entre el aroma del ponche caliente y bu\u00f1uelos, la hechizante nieve n\u00f3rdica, la diversidad del viejo mundo y la majestuosidad de los Reyes Magos","breadcrumb":{"@id":"https:\/\/navidalia.mx\/guadalajara\/en\/home\/#breadcrumb"},"inLanguage":"es","potentialAction":[{"@type":"ReadAction","target":["https:\/\/navidalia.mx\/guadalajara\/en\/home\/"]}]},{"@type":"BreadcrumbList","@id":"https:\/\/navidalia.mx\/guadalajara\/en\/home\/#breadcrumb","itemListElement":[{"@type":"ListItem","position":1,"name":"Inicio","item":"https:\/\/navidalia.mx\/guadalajara\/"},{"@type":"ListItem","position":2,"name":"Home"}]}]}},"_links":{"self":[{"href":"https:\/\/navidalia.mx\/guadalajara\/wp-json\/wp\/v2\/pages\/1871","targetHints":{"allow":["GET"]}}],"collection":[{"href":"https:\/\/navidalia.mx\/guadalajara\/wp-json\/wp\/v2\/pages"}],"about":[{"href":"https:\/\/navidalia.mx\/guadalajara\/wp-json\/wp\/v2\/types\/page"}],"author":[{"embeddable":true,"href":"https:\/\/navidalia.mx\/guadalajara\/wp-json\/wp\/v2\/users\/1"}],"replies":[{"embeddable":true,"href":"https:\/\/navidalia.mx\/guadalajara\/wp-json\/wp\/v2\/comments?post=1871"}],"version-history":[{"count":17,"href":"https:\/\/navidalia.mx\/guadalajara\/wp-json\/wp\/v2\/pages\/1871\/revisions"}],"predecessor-version":[{"id":1976,"href":"https:\/\/navidalia.mx\/guadalajara\/wp-json\/wp\/v2\/pages\/1871\/revisions\/1976"}],"wp:attachment":[{"href":"https:\/\/navidalia.mx\/guadalajara\/wp-json\/wp\/v2\/media?parent=1871"}],"curies":[{"name":"wp","href":"https:\/\/api.w.org\/{rel}","templated":true}]}}