{"id":1892,"date":"2021-12-08T01:56:53","date_gmt":"2021-12-08T01:56:53","guid":{"rendered":"https:\/\/navidalia.mx\/guadalajara\/?page_id=1892"},"modified":"2021-12-08T02:24:08","modified_gmt":"2021-12-08T02:24:08","slug":"information","status":"publish","type":"page","link":"https:\/\/navidalia.mx\/guadalajara\/en\/information\/","title":{"rendered":"Information"},"content":{"rendered":"\t\t<div data-elementor-type=\"wp-page\" data-elementor-id=\"1892\" class=\"elementor elementor-1892\" data-elementor-settings=\"[]\">\n\t\t\t\t\t\t\t<div class=\"elementor-section-wrap\">\n\t\t\t\t\t\t\t<section class=\"elementor-section elementor-top-section elementor-element elementor-element-522d84aa elementor-section-full_width elementor-section-stretched elementor-section-height-default elementor-section-height-default\" data-id=\"522d84aa\" data-element_type=\"section\" data-settings=\"{&quot;stretch_section&quot;:&quot;section-stretched&quot;,&quot;background_background&quot;:&quot;classic&quot;}\">\n\t\t\t\t\t\t<div class=\"elementor-container elementor-column-gap-default\">\n\t\t\t\t\t<div class=\"elementor-column elementor-col-100 elementor-top-column elementor-element elementor-element-70f0f56c\" data-id=\"70f0f56c\" data-element_type=\"column\">\n\t\t\t<div class=\"elementor-widget-wrap elementor-element-populated\">\n\t\t\t\t\t\t\t\t<div class=\"elementor-element elementor-element-2169203f elementor-widget elementor-widget-wp-widget-rev-slider-widget\" data-id=\"2169203f\" data-element_type=\"widget\" data-widget_type=\"wp-widget-rev-slider-widget.default\">\n\t\t\t\t<div class=\"elementor-widget-container\">\n\t\t\t\n\t\t\t<!-- START Footer negro Ingles REVOLUTION SLIDER 6.5.6 --><p class=\"rs-p-wp-fix\"><\/p>\n\t\t\t<rs-module-wrap id=\"rev_slider_27_1_wrapper\" data-source=\"gallery\" style=\"visibility:hidden;background:transparent;padding:0;margin:0px auto;margin-top:0;margin-bottom:0;\">\n\t\t\t\t<rs-module id=\"rev_slider_27_1\" style=\"\" data-version=\"6.5.6\">\n\t\t\t\t\t<rs-slides>\n\t\t\t\t\t\t<rs-slide style=\"position: absolute;\" data-key=\"rs-33\" data-title=\"Slide\" data-in=\"o:0;\" data-out=\"a:false;\">\n\t\t\t\t\t\t\t<img loading=\"lazy\" decoding=\"async\" src=\"\/\/navidalia.mx\/guadalajara\/wp-content\/plugins\/revslider\/public\/assets\/assets\/dummy.png\" title=\"Back\" width=\"1530\" height=\"2560\" class=\"rev-slidebg tp-rs-img rs-lazyload\" data-lazyload=\"\/\/navidalia.mx\/wp-content\/uploads\/2021\/10\/Back-scaled.jpg\" data-bg=\"p:center top;\" data-no-retina>\n<!--\n\t\t\t\t\t\t\t--><rs-layer\n\t\t\t\t\t\t\t\tid=\"slider-27-slide-33-layer-3\" \n\t\t\t\t\t\t\t\tdata-type=\"text\"\n\t\t\t\t\t\t\t\tdata-rsp_ch=\"on\"\n\t\t\t\t\t\t\t\tdata-xy=\"x:c;xo:-164px,-135px,-48px,-113px;yo:112px,92px,89px,95px;\"\n\t\t\t\t\t\t\t\tdata-text=\"w:normal;s:15,12,9,10;l:25,20,15,9;\"\n\t\t\t\t\t\t\t\tdata-frame_999=\"o:0;st:w;\"\n\t\t\t\t\t\t\t\tstyle=\"z-index:13;font-family:'Roboto';\"\n\t\t\t\t\t\t\t>\u00a9 2021 NAVIDALIA |  \n\t\t\t\t\t\t\t<\/rs-layer><!--\n\n\t\t\t\t\t\t\t--><a\n\t\t\t\t\t\t\t\tid=\"slider-27-slide-33-layer-4\" \n\t\t\t\t\t\t\t\tclass=\"rs-layer\"\n\t\t\t\t\t\t\t\thref=\"https:\/\/navidalia.mx\/wp-content\/uploads\/2021\/11\/AvisodePrivacidad_Navidalia.pdf\" target=\"_blank\" rel=\"noopener\"\n\t\t\t\t\t\t\t\tdata-type=\"text\"\n\t\t\t\t\t\t\t\tdata-rsp_ch=\"on\"\n\t\t\t\t\t\t\t\tdata-xy=\"x:c;xo:-39px,-32px,30px,-31px;yo:112px,92px,89px,95px;\"\n\t\t\t\t\t\t\t\tdata-text=\"w:normal;s:15,12,9,10;l:25,20,15,9;\"\n\t\t\t\t\t\t\t\tdata-frame_999=\"o:0;st:w;\"\n\t\t\t\t\t\t\t\tstyle=\"z-index:12;font-family:'Roboto';\"\n\t\t\t\t\t\t\t>Privacy Policy  | \n\t\t\t\t\t\t\t<\/a><!--\n\n\t\t\t\t\t\t\t--><a\n\t\t\t\t\t\t\t\tid=\"slider-27-slide-33-layer-5\" \n\t\t\t\t\t\t\t\tclass=\"rs-layer\"\n\t\t\t\t\t\t\t\thref=\"https:\/\/navidalia.mx\/wp-content\/uploads\/2021\/11\/Politicas-Generales-Nav-21.pdf\" target=\"_blank\" rel=\"noopener\"\n\t\t\t\t\t\t\t\tdata-type=\"text\"\n\t\t\t\t\t\t\t\tdata-rsp_ch=\"on\"\n\t\t\t\t\t\t\t\tdata-xy=\"x:c;xo:74px,61px,101px,44px;yo:112px,92px,89px,95px;\"\n\t\t\t\t\t\t\t\tdata-text=\"w:normal;s:15,12,9,10;l:25,20,15,9;\"\n\t\t\t\t\t\t\t\tdata-frame_999=\"o:0;st:w;\"\n\t\t\t\t\t\t\t\tstyle=\"z-index:11;font-family:'Roboto';\"\n\t\t\t\t\t\t\t>Purchase Policy | \n\t\t\t\t\t\t\t<\/a><!--\n\n\t\t\t\t\t\t\t--><a\n\t\t\t\t\t\t\t\tid=\"slider-27-slide-33-layer-6\" \n\t\t\t\t\t\t\t\tclass=\"rs-layer\"\n\t\t\t\t\t\t\t\thref=\"https:\/\/navidalia.mx\/patrocinadores\/\" target=\"_self\"\n\t\t\t\t\t\t\t\tdata-type=\"text\"\n\t\t\t\t\t\t\t\tdata-rsp_ch=\"on\"\n\t\t\t\t\t\t\t\tdata-xy=\"x:c;xo:169px,139px,160px,107px;yo:112px,92px,89px,95px;\"\n\t\t\t\t\t\t\t\tdata-text=\"w:normal;s:15,12,9,10;l:25,20,15,9;\"\n\t\t\t\t\t\t\t\tdata-frame_999=\"o:0;st:w;\"\n\t\t\t\t\t\t\t\tstyle=\"z-index:10;font-family:'Roboto';\"\n\t\t\t\t\t\t\t>Sponsors \n\t\t\t\t\t\t\t<\/a><!--\n\n\t\t\t\t\t\t\t--><a\n\t\t\t\t\t\t\t\tid=\"slider-27-slide-33-layer-8\" \n\t\t\t\t\t\t\t\tclass=\"rs-layer\"\n\t\t\t\t\t\t\t\thref=\"https:\/\/www.alteacorp.com\/es\/\" target=\"_self\"\n\t\t\t\t\t\t\t\tdata-type=\"image\"\n\t\t\t\t\t\t\t\tdata-rsp_ch=\"on\"\n\t\t\t\t\t\t\t\tdata-xy=\"x:l,l,l,c;xo:86px,71px,93px,0;yo:59px,48px,55px,43px;\"\n\t\t\t\t\t\t\t\tdata-text=\"w:normal;s:20,16,12,7;l:0,20,15,9;\"\n\t\t\t\t\t\t\t\tdata-dim=\"w:185px,152px,115px,97.9943px;h:71px,58px,44px,35px;\"\n\t\t\t\t\t\t\t\tdata-frame_999=\"o:0;st:w;\"\n\t\t\t\t\t\t\t\tstyle=\"z-index:8;\"\n\t\t\t\t\t\t\t><img loading=\"lazy\" decoding=\"async\" src=\"\/\/navidalia.mx\/guadalajara\/wp-content\/plugins\/revslider\/public\/assets\/assets\/dummy.png\" class=\"tp-rs-img rs-lazyload\" width=\"185\" height=\"71\" data-lazyload=\"\/\/navidalia.mx\/guadalajara\/wp-content\/uploads\/2021\/12\/Created-by-alteacorp.png\" data-no-retina> \n\t\t\t\t\t\t\t<\/a><!--\n\n\t\t\t\t\t\t\t--><a\n\t\t\t\t\t\t\t\tid=\"slider-27-slide-33-layer-10\" \n\t\t\t\t\t\t\t\tclass=\"rs-layer\"\n\t\t\t\t\t\t\t\thref=\"https:\/\/www.instagram.com\/navidaliagdl\/\" target=\"_blank\" rel=\"noopener\"\n\t\t\t\t\t\t\t\tdata-type=\"image\"\n\t\t\t\t\t\t\t\tdata-rsp_ch=\"on\"\n\t\t\t\t\t\t\t\tdata-xy=\"xo:547px,451px,402px,202px;yo:44px,36px,47px,11px;\"\n\t\t\t\t\t\t\t\tdata-text=\"w:normal;s:20,16,12,7;l:0,20,15,9;\"\n\t\t\t\t\t\t\t\tdata-dim=\"w:38px,31px,23px,20.991500000000002px;h:38px,31px,23px,21px;\"\n\t\t\t\t\t\t\t\tdata-frame_999=\"o:0;st:w;\"\n\t\t\t\t\t\t\t\tstyle=\"z-index:14;\"\n\t\t\t\t\t\t\t><img loading=\"lazy\" decoding=\"async\" src=\"\/\/navidalia.mx\/guadalajara\/wp-content\/plugins\/revslider\/public\/assets\/assets\/dummy.png\" class=\"tp-rs-img rs-lazyload\" width=\"50\" height=\"50\" data-lazyload=\"\/\/navidalia.mx\/guadalajara\/wp-content\/uploads\/2021\/10\/Insta.png\" data-no-retina> \n\t\t\t\t\t\t\t<\/a><!--\n\n\t\t\t\t\t\t\t--><a\n\t\t\t\t\t\t\t\tid=\"slider-27-slide-33-layer-11\" \n\t\t\t\t\t\t\t\tclass=\"rs-layer\"\n\t\t\t\t\t\t\t\thref=\"https:\/\/www.facebook.com\/Navidaliagdl\" target=\"_blank\" rel=\"noopener\"\n\t\t\t\t\t\t\t\tdata-type=\"image\"\n\t\t\t\t\t\t\t\tdata-rsp_ch=\"on\"\n\t\t\t\t\t\t\t\tdata-xy=\"x:c;xo:0,0,62px,0;yo:44px,36px,47px,11px;\"\n\t\t\t\t\t\t\t\tdata-text=\"w:normal;s:20,16,12,7;l:0,20,15,9;\"\n\t\t\t\t\t\t\t\tdata-dim=\"w:38px,31px,23px,21.991500000000002px;h:38px,31px,23px,22px;\"\n\t\t\t\t\t\t\t\tdata-frame_999=\"o:0;st:w;\"\n\t\t\t\t\t\t\t\tstyle=\"z-index:15;\"\n\t\t\t\t\t\t\t><img loading=\"lazy\" decoding=\"async\" src=\"\/\/navidalia.mx\/guadalajara\/wp-content\/plugins\/revslider\/public\/assets\/assets\/dummy.png\" class=\"tp-rs-img rs-lazyload\" width=\"50\" height=\"50\" data-lazyload=\"\/\/navidalia.mx\/wp-content\/uploads\/2021\/10\/Face.png\" data-no-retina> \n\t\t\t\t\t\t\t<\/a><!--\n\n\t\t\t\t\t\t\t--><a\n\t\t\t\t\t\t\t\tid=\"slider-27-slide-33-layer-12\" \n\t\t\t\t\t\t\t\tclass=\"rs-layer\"\n\t\t\t\t\t\t\t\thref=\"https:\/\/vm.tiktok.com\/ZM8uoTd6L\/\" target=\"_blank\" rel=\"noopener\"\n\t\t\t\t\t\t\t\tdata-type=\"image\"\n\t\t\t\t\t\t\t\tdata-rsp_ch=\"on\"\n\t\t\t\t\t\t\t\tdata-xy=\"xo:656px,541px,476px,257px;yo:44px,36px,47px,12px;\"\n\t\t\t\t\t\t\t\tdata-text=\"w:normal;s:20,16,12,7;l:0,20,15,9;\"\n\t\t\t\t\t\t\t\tdata-dim=\"w:38.9773px,31px,23px,19.9972px;h:39px,32px,24px,20px;\"\n\t\t\t\t\t\t\t\tdata-frame_999=\"o:0;st:w;\"\n\t\t\t\t\t\t\t\tstyle=\"z-index:16;\"\n\t\t\t\t\t\t\t><img loading=\"lazy\" decoding=\"async\" src=\"\/\/navidalia.mx\/guadalajara\/wp-content\/plugins\/revslider\/public\/assets\/assets\/dummy.png\" class=\"tp-rs-img rs-lazyload\" width=\"50\" height=\"50\" data-lazyload=\"\/\/navidalia.mx\/wp-content\/uploads\/2021\/10\/Tik.png\" data-no-retina> \n\t\t\t\t\t\t\t<\/a><!--\n-->\t\t\t\t\t\t<\/rs-slide>\n\t\t\t\t\t<\/rs-slides>\n\t\t\t\t<\/rs-module>\n\t\t\t\t<script type=\"text\/javascript\">\n\t\t\t\t\tsetREVStartSize({c: 'rev_slider_27_1',rl:[1240,1024,778,480],el:[150,150,150,120],gw:[1240,1024,778,480],gh:[150,150,150,120],type:'standard',justify:'',layout:'fullwidth',mh:\"0\"});if (window.RS_MODULES!==undefined && window.RS_MODULES.modules!==undefined && window.RS_MODULES.modules[\"revslider271\"]!==undefined) {window.RS_MODULES.modules[\"revslider271\"].once = false;window.revapi27 = undefined;if (window.RS_MODULES.checkMinimal!==undefined) window.RS_MODULES.checkMinimal()}\n\t\t\t\t<\/script>\n\t\t\t<\/rs-module-wrap>\n\t\t\t<!-- END REVOLUTION SLIDER -->\n\t\t<\/div>\n\t\t\t\t<\/div>\n\t\t\t\t\t<\/div>\n\t\t<\/div>\n\t\t\t\t\t\t\t<\/div>\n\t\t<\/section>\n\t\t\t\t\t\t<\/div>\n\t\t\t\t\t<\/div>\n\t\t","protected":false},"excerpt":{"rendered":"","protected":false},"author":1,"featured_media":0,"parent":0,"menu_order":0,"comment_status":"closed","ping_status":"closed","template":"","meta":{"footnotes":""},"class_list":["post-1892","page","type-page","status-publish","hentry"],"yoast_head":"<!-- This site is optimized with the Yoast SEO plugin v17.7.1 - https:\/\/yoast.com\/wordpress\/plugins\/seo\/ -->\n<title>Information - Navidalia parque tem\u00e1tico un lugar para so\u00f1ar despiertos<\/title>\n<meta name=\"robots\" content=\"index, follow, max-snippet:-1, max-image-preview:large, max-video-preview:-1\" \/>\n<link rel=\"canonical\" href=\"https:\/\/navidalia.mx\/guadalajara\/en\/information\/\" \/>\n<meta property=\"og:locale\" content=\"es_MX\" \/>\n<meta property=\"og:type\" content=\"article\" \/>\n<meta property=\"og:title\" content=\"Information - Navidalia parque tem\u00e1tico un lugar para so\u00f1ar despiertos\" \/>\n<meta property=\"og:url\" content=\"https:\/\/navidalia.mx\/guadalajara\/en\/information\/\" \/>\n<meta property=\"og:site_name\" content=\"Navidalia parque tem\u00e1tico un lugar para so\u00f1ar despiertos\" \/>\n<meta property=\"article:modified_time\" content=\"2021-12-08T02:24:08+00:00\" \/>\n<meta name=\"twitter:card\" content=\"summary_large_image\" \/>\n<meta name=\"twitter:label1\" content=\"Tiempo de lectura\" \/>\n\t<meta name=\"twitter:data1\" content=\"2 minutos\" \/>\n<script type=\"application\/ld+json\" class=\"yoast-schema-graph\">{\"@context\":\"https:\/\/schema.org\",\"@graph\":[{\"@type\":\"WebSite\",\"@id\":\"https:\/\/navidalia.mx\/guadalajara\/#website\",\"url\":\"https:\/\/navidalia.mx\/guadalajara\/\",\"name\":\"Navidalia parque tem\\u00e1tico un lugar para so\\u00f1ar despiertos\",\"description\":\"Siente la Navidad de nuevo entre el aroma del ponche caliente y bu\\u00f1uelos, la hechizante nieve n\\u00f3rdica, la diversidad del viejo mundo y la majestuosidad de los Reyes Magos\",\"potentialAction\":[{\"@type\":\"SearchAction\",\"target\":{\"@type\":\"EntryPoint\",\"urlTemplate\":\"https:\/\/navidalia.mx\/guadalajara\/?s={search_term_string}\"},\"query-input\":\"required name=search_term_string\"}],\"inLanguage\":\"es\"},{\"@type\":\"WebPage\",\"@id\":\"https:\/\/navidalia.mx\/guadalajara\/en\/information\/#webpage\",\"url\":\"https:\/\/navidalia.mx\/guadalajara\/en\/information\/\",\"name\":\"Information - Navidalia parque tem\\u00e1tico un lugar para so\\u00f1ar despiertos\",\"isPartOf\":{\"@id\":\"https:\/\/navidalia.mx\/guadalajara\/#website\"},\"datePublished\":\"2021-12-08T01:56:53+00:00\",\"dateModified\":\"2021-12-08T02:24:08+00:00\",\"breadcrumb\":{\"@id\":\"https:\/\/navidalia.mx\/guadalajara\/en\/information\/#breadcrumb\"},\"inLanguage\":\"es\",\"potentialAction\":[{\"@type\":\"ReadAction\",\"target\":[\"https:\/\/navidalia.mx\/guadalajara\/en\/information\/\"]}]},{\"@type\":\"BreadcrumbList\",\"@id\":\"https:\/\/navidalia.mx\/guadalajara\/en\/information\/#breadcrumb\",\"itemListElement\":[{\"@type\":\"ListItem\",\"position\":1,\"name\":\"Inicio\",\"item\":\"https:\/\/navidalia.mx\/guadalajara\/\"},{\"@type\":\"ListItem\",\"position\":2,\"name\":\"Information\"}]}]}<\/script>\n<!-- \/ Yoast SEO plugin. -->","yoast_head_json":{"title":"Information - Navidalia parque tem\u00e1tico un lugar para so\u00f1ar despiertos","robots":{"index":"index","follow":"follow","max-snippet":"max-snippet:-1","max-image-preview":"max-image-preview:large","max-video-preview":"max-video-preview:-1"},"canonical":"https:\/\/navidalia.mx\/guadalajara\/en\/information\/","og_locale":"es_MX","og_type":"article","og_title":"Information - Navidalia parque tem\u00e1tico un lugar para so\u00f1ar despiertos","og_url":"https:\/\/navidalia.mx\/guadalajara\/en\/information\/","og_site_name":"Navidalia parque tem\u00e1tico un lugar para so\u00f1ar despiertos","article_modified_time":"2021-12-08T02:24:08+00:00","twitter_card":"summary_large_image","twitter_misc":{"Tiempo de lectura":"2 minutos"},"schema":{"@context":"https:\/\/schema.org","@graph":[{"@type":"WebSite","@id":"https:\/\/navidalia.mx\/guadalajara\/#website","url":"https:\/\/navidalia.mx\/guadalajara\/","name":"Navidalia parque tem\u00e1tico un lugar para so\u00f1ar despiertos","description":"Siente la Navidad de nuevo entre el aroma del ponche caliente y bu\u00f1uelos, la hechizante nieve n\u00f3rdica, la diversidad del viejo mundo y la majestuosidad de los Reyes Magos","potentialAction":[{"@type":"SearchAction","target":{"@type":"EntryPoint","urlTemplate":"https:\/\/navidalia.mx\/guadalajara\/?s={search_term_string}"},"query-input":"required name=search_term_string"}],"inLanguage":"es"},{"@type":"WebPage","@id":"https:\/\/navidalia.mx\/guadalajara\/en\/information\/#webpage","url":"https:\/\/navidalia.mx\/guadalajara\/en\/information\/","name":"Information - Navidalia parque tem\u00e1tico un lugar para so\u00f1ar despiertos","isPartOf":{"@id":"https:\/\/navidalia.mx\/guadalajara\/#website"},"datePublished":"2021-12-08T01:56:53+00:00","dateModified":"2021-12-08T02:24:08+00:00","breadcrumb":{"@id":"https:\/\/navidalia.mx\/guadalajara\/en\/information\/#breadcrumb"},"inLanguage":"es","potentialAction":[{"@type":"ReadAction","target":["https:\/\/navidalia.mx\/guadalajara\/en\/information\/"]}]},{"@type":"BreadcrumbList","@id":"https:\/\/navidalia.mx\/guadalajara\/en\/information\/#breadcrumb","itemListElement":[{"@type":"ListItem","position":1,"name":"Inicio","item":"https:\/\/navidalia.mx\/guadalajara\/"},{"@type":"ListItem","position":2,"name":"Information"}]}]}},"_links":{"self":[{"href":"https:\/\/navidalia.mx\/guadalajara\/wp-json\/wp\/v2\/pages\/1892","targetHints":{"allow":["GET"]}}],"collection":[{"href":"https:\/\/navidalia.mx\/guadalajara\/wp-json\/wp\/v2\/pages"}],"about":[{"href":"https:\/\/navidalia.mx\/guadalajara\/wp-json\/wp\/v2\/types\/page"}],"author":[{"embeddable":true,"href":"https:\/\/navidalia.mx\/guadalajara\/wp-json\/wp\/v2\/users\/1"}],"replies":[{"embeddable":true,"href":"https:\/\/navidalia.mx\/guadalajara\/wp-json\/wp\/v2\/comments?post=1892"}],"version-history":[{"count":4,"href":"https:\/\/navidalia.mx\/guadalajara\/wp-json\/wp\/v2\/pages\/1892\/revisions"}],"predecessor-version":[{"id":1915,"href":"https:\/\/navidalia.mx\/guadalajara\/wp-json\/wp\/v2\/pages\/1892\/revisions\/1915"}],"wp:attachment":[{"href":"https:\/\/navidalia.mx\/guadalajara\/wp-json\/wp\/v2\/media?parent=1892"}],"curies":[{"name":"wp","href":"https:\/\/api.w.org\/{rel}","templated":true}]}}