{"id":73,"date":"2021-01-13T14:53:01","date_gmt":"2021-01-13T14:53:01","guid":{"rendered":"https:\/\/themes.muffingroup.com\/be\/funfair_el\/?page_id=73"},"modified":"2021-01-13T14:53:01","modified_gmt":"2021-01-13T14:53:01","slug":"news-events","status":"publish","type":"page","link":"https:\/\/navidalia.mx\/guadalajara\/news-events\/","title":{"rendered":"NEWS &amp; EVENTS"},"content":{"rendered":"\t\t<div data-elementor-type=\"wp-page\" data-elementor-id=\"73\" class=\"elementor elementor-73\" data-elementor-settings=\"[]\">\n\t\t\t\t\t\t\t<div class=\"elementor-section-wrap\">\n\t\t\t\t\t\t\t<section class=\"elementor-section elementor-top-section elementor-element elementor-element-b0fe5cb elementor-section-stretched elementor-section-boxed elementor-section-height-default elementor-section-height-default\" data-id=\"b0fe5cb\" data-element_type=\"section\" data-settings=\"{&quot;stretch_section&quot;:&quot;section-stretched&quot;,&quot;background_background&quot;:&quot;classic&quot;}\">\n\t\t\t\t\t\t<div class=\"elementor-container elementor-column-gap-wider\">\n\t\t\t\t\t<div class=\"elementor-column elementor-col-100 elementor-top-column elementor-element elementor-element-62d3d6f\" data-id=\"62d3d6f\" data-element_type=\"column\">\n\t\t\t<div class=\"elementor-widget-wrap elementor-element-populated\">\n\t\t\t\t\t\t\t\t<section class=\"elementor-section elementor-inner-section elementor-element elementor-element-98fdabd elementor-section-boxed elementor-section-height-default elementor-section-height-default\" data-id=\"98fdabd\" data-element_type=\"section\">\n\t\t\t\t\t\t<div class=\"elementor-container elementor-column-gap-default\">\n\t\t\t\t\t<div class=\"elementor-column elementor-col-100 elementor-inner-column elementor-element elementor-element-1606332\" data-id=\"1606332\" data-element_type=\"column\">\n\t\t\t<div class=\"elementor-widget-wrap elementor-element-populated\">\n\t\t\t\t\t\t\t\t<div class=\"elementor-element elementor-element-31bbbef elementor-widget elementor-widget-text-editor\" data-id=\"31bbbef\" data-element_type=\"widget\" data-widget_type=\"text-editor.default\">\n\t\t\t\t<div class=\"elementor-widget-container\">\n\t\t\t\t\t\t\t<h1>NEWS &amp; EVENTS<\/h1>\t\t\t\t\t\t<\/div>\n\t\t\t\t<\/div>\n\t\t\t\t<div class=\"elementor-element elementor-element-bed7599 elementor-widget elementor-widget-spacer\" data-id=\"bed7599\" data-element_type=\"widget\" data-widget_type=\"spacer.default\">\n\t\t\t\t<div class=\"elementor-widget-container\">\n\t\t\t\t\t<div class=\"elementor-spacer\">\n\t\t\t<div class=\"elementor-spacer-inner\"><\/div>\n\t\t<\/div>\n\t\t\t\t<\/div>\n\t\t\t\t<\/div>\n\t\t\t\t<div class=\"elementor-element elementor-element-311c09c elementor-widget elementor-widget-mfn_blog\" data-id=\"311c09c\" data-element_type=\"widget\" data-widget_type=\"mfn_blog.default\">\n\t\t\t\t<div class=\"elementor-widget-container\">\n\t\t\t<div class=\"column_filters\"><div class=\"blog_wrapper isotope_wrapper clearfix\"><div class=\"posts_group lm_wrapper col-4 photo2\"><div class=\"post-item isotope-item clearfix no-img post-166 post type-post status-publish format-standard hentry category-events\" style=\"\"><div class=\"date_label\">14 enero, 2021<\/div><div class=\"button-love\"><a href=\"#\" class=\"mfn-love \" data-id=\"166\"><span class=\"icons-wrapper\"><i class=\"icon-heart-empty-fa\"><\/i><i class=\"icon-heart-fa\"><\/i><\/span><span class=\"label\">15<\/span><\/a><\/div><div class=\"image_frame post-photo-wrapper scale-with-grid images_only\"><div class=\"image_wrapper\"><\/div><\/div><div class=\"post-desc-wrapper bg-\" style=\"\"><div class=\"post-desc\"><div class=\"post-head\"><div class=\"post-meta clearfix\"><div class=\"author-date\"><span class=\"vcard author post-author\"><span class=\"label\">Published by <\/span><i class=\"icon-user\"><\/i> <span class=\"fn\"><a href=\"https:\/\/navidalia.mx\/guadalajara\/author\/admin\/\">admin<\/a><\/span><\/span> <span class=\"date\"><span class=\"label\">on <\/span><i class=\"icon-clock\"><\/i> <span class=\"post-date updated\">14 enero, 2021<\/span><\/span><\/div><div class=\"category\"><span class=\"cat-btn\">Categories <i class=\"icon-down-dir\"><\/i><\/span><div class=\"cat-wrapper\"><ul class=\"post-categories\">\n\t<li><a href=\"https:\/\/navidalia.mx\/guadalajara\/category\/events\/\" rel=\"category tag\">Events<\/a><\/li><\/ul><\/div><\/div><\/div><\/div><div class=\"post-title\"><h4 class=\"entry-title\" itemprop=\"headline\"><a href=\"https:\/\/navidalia.mx\/guadalajara\/2021\/01\/14\/lorem-ipsum-dolor-mit-samet\/\">LOREM IPSUM DOLOR MIT SAMET<\/a><\/h4><\/div><div class=\"post-excerpt\">Quisque lorem tortor fringilla sed, vestibulum id, eleifend justo vel bibendum sapien massa ac turpis faucibus orci luctus non, consectetuer lobortis quis, varius in, purus. Integer ultrices posuere cubilia Curae, Nulla ipsum dolor lacus, suscipit adipiscing. Cum sociis natoque penatibus et ultrices volutpat. <\/div><div class=\"post-footer\"><span class=\"vcard author post-author\"><img alt='admin' src='https:\/\/secure.gravatar.com\/avatar\/06401ab6e79c9de0dd7f36b62838cbd1f9bcc1182012937b08031413aa6a0329?s=24&#038;d=mm&#038;r=g' srcset='https:\/\/secure.gravatar.com\/avatar\/06401ab6e79c9de0dd7f36b62838cbd1f9bcc1182012937b08031413aa6a0329?s=48&#038;d=mm&#038;r=g 2x' class='avatar avatar-24 photo' height='24' width='24' \/><span class=\"fn\"><a href=\"https:\/\/navidalia.mx\/guadalajara\/author\/admin\/\">admin<\/a><\/span><\/span> <span class=\"date\"><i class=\"icon-clock\"><\/i> <span class=\"post-date updated\">14 enero, 2021<\/span><\/span><\/div><\/div><\/div><\/div><div class=\"post-item isotope-item clearfix no-img post-467 post type-post status-publish format-standard hentry category-news\" style=\"\"><div class=\"date_label\">14 enero, 2021<\/div><div class=\"button-love\"><a href=\"#\" class=\"mfn-love \" data-id=\"467\"><span class=\"icons-wrapper\"><i class=\"icon-heart-empty-fa\"><\/i><i class=\"icon-heart-fa\"><\/i><\/span><span class=\"label\">69<\/span><\/a><\/div><div class=\"image_frame post-photo-wrapper scale-with-grid images_only\"><div class=\"image_wrapper\"><\/div><\/div><div class=\"post-desc-wrapper bg-\" style=\"\"><div class=\"post-desc\"><div class=\"post-head\"><div class=\"post-meta clearfix\"><div class=\"author-date\"><span class=\"vcard author post-author\"><span class=\"label\">Published by <\/span><i class=\"icon-user\"><\/i> <span class=\"fn\"><a href=\"https:\/\/navidalia.mx\/guadalajara\/author\/admin\/\">admin<\/a><\/span><\/span> <span class=\"date\"><span class=\"label\">on <\/span><i class=\"icon-clock\"><\/i> <span class=\"post-date updated\">14 enero, 2021<\/span><\/span><\/div><div class=\"category\"><span class=\"cat-btn\">Categories <i class=\"icon-down-dir\"><\/i><\/span><div class=\"cat-wrapper\"><ul class=\"post-categories\">\n\t<li><a href=\"https:\/\/navidalia.mx\/guadalajara\/category\/news\/\" rel=\"category tag\">News<\/a><\/li><\/ul><\/div><\/div><\/div><\/div><div class=\"post-title\"><h4 class=\"entry-title\" itemprop=\"headline\"><a href=\"https:\/\/navidalia.mx\/guadalajara\/2021\/01\/14\/at-vero-eos-et-accusam\/\">AT VERO EOS ET ACCUSAM<\/a><\/h4><\/div><div class=\"post-excerpt\">Nullam wisi ultricies a, gravida vitae, dapibus risus ante sodales lectus blandit eu, tempor diam pede cursus vitae, ultricies eu, faucibus quis, porttitor eros cursus lectus, pellentesque eget, bibendum a, gravida ullamcorper quam. Nullam viverra consectetuer. Quisque cursus et, porttitor risus. Aliquam sem. In hendrerit nulla quam nunc, accumsan congu<\/div><div class=\"post-footer\"><span class=\"vcard author post-author\"><img alt='admin' src='https:\/\/secure.gravatar.com\/avatar\/06401ab6e79c9de0dd7f36b62838cbd1f9bcc1182012937b08031413aa6a0329?s=24&#038;d=mm&#038;r=g' srcset='https:\/\/secure.gravatar.com\/avatar\/06401ab6e79c9de0dd7f36b62838cbd1f9bcc1182012937b08031413aa6a0329?s=48&#038;d=mm&#038;r=g 2x' class='avatar avatar-24 photo' height='24' width='24' \/><span class=\"fn\"><a href=\"https:\/\/navidalia.mx\/guadalajara\/author\/admin\/\">admin<\/a><\/span><\/span> <span class=\"date\"><i class=\"icon-clock\"><\/i> <span class=\"post-date updated\">14 enero, 2021<\/span><\/span><\/div><\/div><\/div><\/div><div class=\"post-item isotope-item clearfix no-img post-470 post type-post status-publish format-standard hentry category-events\" style=\"\"><div class=\"date_label\">14 enero, 2021<\/div><div class=\"button-love\"><a href=\"#\" class=\"mfn-love \" data-id=\"470\"><span class=\"icons-wrapper\"><i class=\"icon-heart-empty-fa\"><\/i><i class=\"icon-heart-fa\"><\/i><\/span><span class=\"label\">44<\/span><\/a><\/div><div class=\"image_frame post-photo-wrapper scale-with-grid images_only\"><div class=\"image_wrapper\"><\/div><\/div><div class=\"post-desc-wrapper bg-\" style=\"\"><div class=\"post-desc\"><div class=\"post-head\"><div class=\"post-meta clearfix\"><div class=\"author-date\"><span class=\"vcard author post-author\"><span class=\"label\">Published by <\/span><i class=\"icon-user\"><\/i> <span class=\"fn\"><a href=\"https:\/\/navidalia.mx\/guadalajara\/author\/admin\/\">admin<\/a><\/span><\/span> <span class=\"date\"><span class=\"label\">on <\/span><i class=\"icon-clock\"><\/i> <span class=\"post-date updated\">14 enero, 2021<\/span><\/span><\/div><div class=\"category\"><span class=\"cat-btn\">Categories <i class=\"icon-down-dir\"><\/i><\/span><div class=\"cat-wrapper\"><ul class=\"post-categories\">\n\t<li><a href=\"https:\/\/navidalia.mx\/guadalajara\/category\/events\/\" rel=\"category tag\">Events<\/a><\/li><\/ul><\/div><\/div><\/div><\/div><div class=\"post-title\"><h4 class=\"entry-title\" itemprop=\"headline\"><a href=\"https:\/\/navidalia.mx\/guadalajara\/2021\/01\/14\/stet-clita-kasd-gubergren\/\">STET CLITA KASD GUBERGREN<\/a><\/h4><\/div><div class=\"post-excerpt\">Vivamus fermentum pede, nec nibh placerat faucibus. Aliquam nisl. Etiam leo ut urna quam, ultrices nec, ullamcorper ligula lorem semper nisl, sollicitudin mi. Suspendisse dignissim vitae, mollis faucibus, tortor a dolor ac turpis egestas. Cras.<\/div><div class=\"post-footer\"><span class=\"vcard author post-author\"><img alt='admin' src='https:\/\/secure.gravatar.com\/avatar\/06401ab6e79c9de0dd7f36b62838cbd1f9bcc1182012937b08031413aa6a0329?s=24&#038;d=mm&#038;r=g' srcset='https:\/\/secure.gravatar.com\/avatar\/06401ab6e79c9de0dd7f36b62838cbd1f9bcc1182012937b08031413aa6a0329?s=48&#038;d=mm&#038;r=g 2x' class='avatar avatar-24 photo' height='24' width='24' \/><span class=\"fn\"><a href=\"https:\/\/navidalia.mx\/guadalajara\/author\/admin\/\">admin<\/a><\/span><\/span> <span class=\"date\"><i class=\"icon-clock\"><\/i> <span class=\"post-date updated\">14 enero, 2021<\/span><\/span><\/div><\/div><\/div><\/div><div class=\"post-item isotope-item clearfix no-img post-472 post type-post status-publish format-standard hentry category-news\" style=\"\"><div class=\"date_label\">14 enero, 2021<\/div><div class=\"button-love\"><a href=\"#\" class=\"mfn-love \" data-id=\"472\"><span class=\"icons-wrapper\"><i class=\"icon-heart-empty-fa\"><\/i><i class=\"icon-heart-fa\"><\/i><\/span><span class=\"label\">37<\/span><\/a><\/div><div class=\"image_frame post-photo-wrapper scale-with-grid images_only\"><div class=\"image_wrapper\"><\/div><\/div><div class=\"post-desc-wrapper bg-\" style=\"\"><div class=\"post-desc\"><div class=\"post-head\"><div class=\"post-meta clearfix\"><div class=\"author-date\"><span class=\"vcard author post-author\"><span class=\"label\">Published by <\/span><i class=\"icon-user\"><\/i> <span class=\"fn\"><a href=\"https:\/\/navidalia.mx\/guadalajara\/author\/admin\/\">admin<\/a><\/span><\/span> <span class=\"date\"><span class=\"label\">on <\/span><i class=\"icon-clock\"><\/i> <span class=\"post-date updated\">14 enero, 2021<\/span><\/span><\/div><div class=\"category\"><span class=\"cat-btn\">Categories <i class=\"icon-down-dir\"><\/i><\/span><div class=\"cat-wrapper\"><ul class=\"post-categories\">\n\t<li><a href=\"https:\/\/navidalia.mx\/guadalajara\/category\/news\/\" rel=\"category tag\">News<\/a><\/li><\/ul><\/div><\/div><\/div><\/div><div class=\"post-title\"><h4 class=\"entry-title\" itemprop=\"headline\"><a href=\"https:\/\/navidalia.mx\/guadalajara\/2021\/01\/14\/dolor-sit-amet-consetetur\/\">DOLOR SIT AMET, CONSETETUR<\/a><\/h4><\/div><div class=\"post-excerpt\">Duis autem vel eum iriure dolor in hendrerit in vulputate velit esse molestie consequat, vel illum dolore eu feugiat nulla facilisis at vero eros et accumsan et iusto odio dignissim qui blandit praesent luptatum zzril delenit augue duis dolore te feugait nulla facilisi. Lorem ipsum dolor sit amet, consectetuer adipiscing elit.<\/div><div class=\"post-footer\"><span class=\"vcard author post-author\"><img alt='admin' src='https:\/\/secure.gravatar.com\/avatar\/06401ab6e79c9de0dd7f36b62838cbd1f9bcc1182012937b08031413aa6a0329?s=24&#038;d=mm&#038;r=g' srcset='https:\/\/secure.gravatar.com\/avatar\/06401ab6e79c9de0dd7f36b62838cbd1f9bcc1182012937b08031413aa6a0329?s=48&#038;d=mm&#038;r=g 2x' class='avatar avatar-24 photo' height='24' width='24' \/><span class=\"fn\"><a href=\"https:\/\/navidalia.mx\/guadalajara\/author\/admin\/\">admin<\/a><\/span><\/span> <span class=\"date\"><i class=\"icon-clock\"><\/i> <span class=\"post-date updated\">14 enero, 2021<\/span><\/span><\/div><\/div><\/div><\/div><div class=\"post-item isotope-item clearfix no-img post-474 post type-post status-publish format-standard hentry category-news\" style=\"\"><div class=\"date_label\">14 enero, 2021<\/div><div class=\"button-love\"><a href=\"#\" class=\"mfn-love \" data-id=\"474\"><span class=\"icons-wrapper\"><i class=\"icon-heart-empty-fa\"><\/i><i class=\"icon-heart-fa\"><\/i><\/span><span class=\"label\">79<\/span><\/a><\/div><div class=\"image_frame post-photo-wrapper scale-with-grid images_only\"><div class=\"image_wrapper\"><\/div><\/div><div class=\"post-desc-wrapper bg-\" style=\"\"><div class=\"post-desc\"><div class=\"post-head\"><div class=\"post-meta clearfix\"><div class=\"author-date\"><span class=\"vcard author post-author\"><span class=\"label\">Published by <\/span><i class=\"icon-user\"><\/i> <span class=\"fn\"><a href=\"https:\/\/navidalia.mx\/guadalajara\/author\/admin\/\">admin<\/a><\/span><\/span> <span class=\"date\"><span class=\"label\">on <\/span><i class=\"icon-clock\"><\/i> <span class=\"post-date updated\">14 enero, 2021<\/span><\/span><\/div><div class=\"category\"><span class=\"cat-btn\">Categories <i class=\"icon-down-dir\"><\/i><\/span><div class=\"cat-wrapper\"><ul class=\"post-categories\">\n\t<li><a href=\"https:\/\/navidalia.mx\/guadalajara\/category\/news\/\" rel=\"category tag\">News<\/a><\/li><\/ul><\/div><\/div><\/div><\/div><div class=\"post-title\"><h4 class=\"entry-title\" itemprop=\"headline\"><a href=\"https:\/\/navidalia.mx\/guadalajara\/2021\/01\/14\/at-vero-eos-et-accusam-et-justo-duo\/\">AT VERO EOS ET ACCUSAM ET JUSTO DUO<\/a><\/h4><\/div><div class=\"post-excerpt\">At vero eos et accusam et justo duo dolores et ea rebum. Stet clita kasd gubergren, no sea takimata sanctus est Lorem ipsum dolor sit amet. Duis autem vel eum iriure dolor in hendrerit in vulputate velit esse molestie consequat, vel illum dolore eu feugiat nulla facilisis at vero eros et accumsan et iusto odio dignissim.<\/div><div class=\"post-footer\"><span class=\"vcard author post-author\"><img alt='admin' src='https:\/\/secure.gravatar.com\/avatar\/06401ab6e79c9de0dd7f36b62838cbd1f9bcc1182012937b08031413aa6a0329?s=24&#038;d=mm&#038;r=g' srcset='https:\/\/secure.gravatar.com\/avatar\/06401ab6e79c9de0dd7f36b62838cbd1f9bcc1182012937b08031413aa6a0329?s=48&#038;d=mm&#038;r=g 2x' class='avatar avatar-24 photo' height='24' width='24' \/><span class=\"fn\"><a href=\"https:\/\/navidalia.mx\/guadalajara\/author\/admin\/\">admin<\/a><\/span><\/span> <span class=\"date\"><i class=\"icon-clock\"><\/i> <span class=\"post-date updated\">14 enero, 2021<\/span><\/span><\/div><\/div><\/div><\/div><\/div><\/div>\n<\/div>\n\t\t<\/div>\n\t\t\t\t<\/div>\n\t\t\t\t\t<\/div>\n\t\t<\/div>\n\t\t\t\t\t\t\t<\/div>\n\t\t<\/section>\n\t\t\t\t\t<\/div>\n\t\t<\/div>\n\t\t\t\t\t\t\t<\/div>\n\t\t<\/section>\n\t\t\t\t<section class=\"elementor-section elementor-top-section elementor-element elementor-element-91566d3 elementor-section-stretched elementor-section-full_width elementor-section-height-default elementor-section-height-default\" data-id=\"91566d3\" data-element_type=\"section\" data-settings=\"{&quot;stretch_section&quot;:&quot;section-stretched&quot;,&quot;background_background&quot;:&quot;classic&quot;}\">\n\t\t\t\t\t\t<div class=\"elementor-container elementor-column-gap-no\">\n\t\t\t\t\t<div class=\"elementor-column elementor-col-100 elementor-top-column elementor-element elementor-element-1b7b155\" data-id=\"1b7b155\" data-element_type=\"column\">\n\t\t\t<div class=\"elementor-widget-wrap elementor-element-populated\">\n\t\t\t\t\t\t\t\t<section class=\"elementor-section elementor-inner-section elementor-element elementor-element-ea221c7 elementor-section-full_width elementor-section-height-default elementor-section-height-default\" data-id=\"ea221c7\" data-element_type=\"section\" data-settings=\"{&quot;background_background&quot;:&quot;classic&quot;}\">\n\t\t\t\t\t\t<div class=\"elementor-container elementor-column-gap-no\">\n\t\t\t\t\t<div class=\"elementor-column elementor-col-100 elementor-inner-column elementor-element elementor-element-9e8c0eb\" data-id=\"9e8c0eb\" data-element_type=\"column\">\n\t\t\t<div class=\"elementor-widget-wrap elementor-element-populated\">\n\t\t\t\t\t\t\t\t<div class=\"elementor-element elementor-element-761496e elementor-widget elementor-widget-image\" data-id=\"761496e\" data-element_type=\"widget\" data-widget_type=\"image.default\">\n\t\t\t\t<div class=\"elementor-widget-container\">\n\t\t\t\t\t\t\t\t\t\t\t\t\t\t\t<img loading=\"lazy\" decoding=\"async\" width=\"1920\" height=\"114\" src=\"https:\/\/navidalia.mx\/guadalajara\/wp-content\/uploads\/2021\/01\/funfair-sectionbg6.png\" class=\"attachment-full size-full\" alt=\"\" srcset=\"https:\/\/navidalia.mx\/guadalajara\/wp-content\/uploads\/2021\/01\/funfair-sectionbg6.png 1920w, https:\/\/navidalia.mx\/guadalajara\/wp-content\/uploads\/2021\/01\/funfair-sectionbg6-300x18.png 300w, https:\/\/navidalia.mx\/guadalajara\/wp-content\/uploads\/2021\/01\/funfair-sectionbg6-1024x61.png 1024w, https:\/\/navidalia.mx\/guadalajara\/wp-content\/uploads\/2021\/01\/funfair-sectionbg6-768x46.png 768w, https:\/\/navidalia.mx\/guadalajara\/wp-content\/uploads\/2021\/01\/funfair-sectionbg6-1536x91.png 1536w, https:\/\/navidalia.mx\/guadalajara\/wp-content\/uploads\/2021\/01\/funfair-sectionbg6-260x15.png 260w, https:\/\/navidalia.mx\/guadalajara\/wp-content\/uploads\/2021\/01\/funfair-sectionbg6-50x3.png 50w, https:\/\/navidalia.mx\/guadalajara\/wp-content\/uploads\/2021\/01\/funfair-sectionbg6-150x9.png 150w, https:\/\/navidalia.mx\/guadalajara\/wp-content\/uploads\/2021\/01\/funfair-sectionbg6-800x48.png 800w\" sizes=\"auto, (max-width: 1920px) 100vw, 1920px\" \/>\t\t\t\t\t\t\t\t\t\t\t\t\t\t\t<\/div>\n\t\t\t\t<\/div>\n\t\t\t\t\t<\/div>\n\t\t<\/div>\n\t\t\t\t\t\t\t<\/div>\n\t\t<\/section>\n\t\t\t\t\t<\/div>\n\t\t<\/div>\n\t\t\t\t\t\t\t<\/div>\n\t\t<\/section>\n\t\t\t\t\t\t<\/div>\n\t\t\t\t\t<\/div>\n\t\t","protected":false},"excerpt":{"rendered":"<p>NEWS &amp; EVENTS January 14, 202115Published by piotrek on January 14, 2021Categories Events LOREM IPSUM DOLOR MIT SAMET Quisque lorem tortor fringilla sed, vestibulum id, eleifend<span class=\"excerpt-hellip\"> [\u2026]<\/span><\/p>\n","protected":false},"author":1,"featured_media":0,"parent":0,"menu_order":0,"comment_status":"closed","ping_status":"closed","template":"","meta":{"footnotes":""},"class_list":["post-73","page","type-page","status-publish","hentry"],"yoast_head":"<!-- This site is optimized with the Yoast SEO plugin v17.7.1 - https:\/\/yoast.com\/wordpress\/plugins\/seo\/ -->\n<title>NEWS &amp; EVENTS - Navidalia parque tem\u00e1tico un lugar para so\u00f1ar despiertos<\/title>\n<meta name=\"robots\" content=\"index, follow, max-snippet:-1, max-image-preview:large, max-video-preview:-1\" \/>\n<link rel=\"canonical\" href=\"https:\/\/navidalia.mx\/guadalajara\/news-events\/\" \/>\n<meta property=\"og:locale\" content=\"es_MX\" \/>\n<meta property=\"og:type\" content=\"article\" \/>\n<meta property=\"og:title\" content=\"NEWS &amp; EVENTS - Navidalia parque tem\u00e1tico un lugar para so\u00f1ar despiertos\" \/>\n<meta property=\"og:description\" content=\"NEWS &amp; EVENTS January 14, 202115Published by piotrek on January 14, 2021Categories Events LOREM IPSUM DOLOR MIT SAMET Quisque lorem tortor fringilla sed, vestibulum id, eleifend [\u2026]\" \/>\n<meta property=\"og:url\" content=\"https:\/\/navidalia.mx\/guadalajara\/news-events\/\" \/>\n<meta property=\"og:site_name\" content=\"Navidalia parque tem\u00e1tico un lugar para so\u00f1ar despiertos\" \/>\n<meta property=\"og:image\" content=\"http:\/\/navidalia.mx\/wp-content\/uploads\/2021\/01\/funfair-blog-image2-1200x675.jpg\" \/>\n<meta name=\"twitter:card\" content=\"summary_large_image\" \/>\n<meta name=\"twitter:label1\" content=\"Tiempo de lectura\" \/>\n\t<meta name=\"twitter:data1\" content=\"2 minutos\" \/>\n<script type=\"application\/ld+json\" class=\"yoast-schema-graph\">{\"@context\":\"https:\/\/schema.org\",\"@graph\":[{\"@type\":\"WebSite\",\"@id\":\"https:\/\/navidalia.mx\/guadalajara\/#website\",\"url\":\"https:\/\/navidalia.mx\/guadalajara\/\",\"name\":\"Navidalia parque tem\\u00e1tico un lugar para so\\u00f1ar despiertos\",\"description\":\"Siente la Navidad de nuevo entre el aroma del ponche caliente y bu\\u00f1uelos, la hechizante nieve n\\u00f3rdica, la diversidad del viejo mundo y la majestuosidad de los Reyes Magos\",\"potentialAction\":[{\"@type\":\"SearchAction\",\"target\":{\"@type\":\"EntryPoint\",\"urlTemplate\":\"https:\/\/navidalia.mx\/guadalajara\/?s={search_term_string}\"},\"query-input\":\"required name=search_term_string\"}],\"inLanguage\":\"es\"},{\"@type\":\"ImageObject\",\"@id\":\"https:\/\/navidalia.mx\/guadalajara\/news-events\/#primaryimage\",\"inLanguage\":\"es\",\"url\":\"http:\/\/navidalia.mx\/wp-content\/uploads\/2021\/01\/funfair-blog-image2-1200x675.jpg\",\"contentUrl\":\"http:\/\/navidalia.mx\/wp-content\/uploads\/2021\/01\/funfair-blog-image2-1200x675.jpg\"},{\"@type\":\"WebPage\",\"@id\":\"https:\/\/navidalia.mx\/guadalajara\/news-events\/#webpage\",\"url\":\"https:\/\/navidalia.mx\/guadalajara\/news-events\/\",\"name\":\"NEWS &amp; EVENTS - Navidalia parque tem\\u00e1tico un lugar para so\\u00f1ar despiertos\",\"isPartOf\":{\"@id\":\"https:\/\/navidalia.mx\/guadalajara\/#website\"},\"primaryImageOfPage\":{\"@id\":\"https:\/\/navidalia.mx\/guadalajara\/news-events\/#primaryimage\"},\"datePublished\":\"2021-01-13T14:53:01+00:00\",\"dateModified\":\"2021-01-13T14:53:01+00:00\",\"breadcrumb\":{\"@id\":\"https:\/\/navidalia.mx\/guadalajara\/news-events\/#breadcrumb\"},\"inLanguage\":\"es\",\"potentialAction\":[{\"@type\":\"ReadAction\",\"target\":[\"https:\/\/navidalia.mx\/guadalajara\/news-events\/\"]}]},{\"@type\":\"BreadcrumbList\",\"@id\":\"https:\/\/navidalia.mx\/guadalajara\/news-events\/#breadcrumb\",\"itemListElement\":[{\"@type\":\"ListItem\",\"position\":1,\"name\":\"Inicio\",\"item\":\"https:\/\/navidalia.mx\/guadalajara\/\"},{\"@type\":\"ListItem\",\"position\":2,\"name\":\"NEWS &amp; EVENTS\"}]}]}<\/script>\n<!-- \/ Yoast SEO plugin. -->","yoast_head_json":{"title":"NEWS &amp; EVENTS - Navidalia parque tem\u00e1tico un lugar para so\u00f1ar despiertos","robots":{"index":"index","follow":"follow","max-snippet":"max-snippet:-1","max-image-preview":"max-image-preview:large","max-video-preview":"max-video-preview:-1"},"canonical":"https:\/\/navidalia.mx\/guadalajara\/news-events\/","og_locale":"es_MX","og_type":"article","og_title":"NEWS &amp; EVENTS - Navidalia parque tem\u00e1tico un lugar para so\u00f1ar despiertos","og_description":"NEWS &amp; EVENTS January 14, 202115Published by piotrek on January 14, 2021Categories Events LOREM IPSUM DOLOR MIT SAMET Quisque lorem tortor fringilla sed, vestibulum id, eleifend [\u2026]","og_url":"https:\/\/navidalia.mx\/guadalajara\/news-events\/","og_site_name":"Navidalia parque tem\u00e1tico un lugar para so\u00f1ar despiertos","og_image":[{"url":"http:\/\/navidalia.mx\/wp-content\/uploads\/2021\/01\/funfair-blog-image2-1200x675.jpg"}],"twitter_card":"summary_large_image","twitter_misc":{"Tiempo de lectura":"2 minutos"},"schema":{"@context":"https:\/\/schema.org","@graph":[{"@type":"WebSite","@id":"https:\/\/navidalia.mx\/guadalajara\/#website","url":"https:\/\/navidalia.mx\/guadalajara\/","name":"Navidalia parque tem\u00e1tico un lugar para so\u00f1ar despiertos","description":"Siente la Navidad de nuevo entre el aroma del ponche caliente y bu\u00f1uelos, la hechizante nieve n\u00f3rdica, la diversidad del viejo mundo y la majestuosidad de los Reyes Magos","potentialAction":[{"@type":"SearchAction","target":{"@type":"EntryPoint","urlTemplate":"https:\/\/navidalia.mx\/guadalajara\/?s={search_term_string}"},"query-input":"required name=search_term_string"}],"inLanguage":"es"},{"@type":"ImageObject","@id":"https:\/\/navidalia.mx\/guadalajara\/news-events\/#primaryimage","inLanguage":"es","url":"http:\/\/navidalia.mx\/wp-content\/uploads\/2021\/01\/funfair-blog-image2-1200x675.jpg","contentUrl":"http:\/\/navidalia.mx\/wp-content\/uploads\/2021\/01\/funfair-blog-image2-1200x675.jpg"},{"@type":"WebPage","@id":"https:\/\/navidalia.mx\/guadalajara\/news-events\/#webpage","url":"https:\/\/navidalia.mx\/guadalajara\/news-events\/","name":"NEWS &amp; EVENTS - Navidalia parque tem\u00e1tico un lugar para so\u00f1ar despiertos","isPartOf":{"@id":"https:\/\/navidalia.mx\/guadalajara\/#website"},"primaryImageOfPage":{"@id":"https:\/\/navidalia.mx\/guadalajara\/news-events\/#primaryimage"},"datePublished":"2021-01-13T14:53:01+00:00","dateModified":"2021-01-13T14:53:01+00:00","breadcrumb":{"@id":"https:\/\/navidalia.mx\/guadalajara\/news-events\/#breadcrumb"},"inLanguage":"es","potentialAction":[{"@type":"ReadAction","target":["https:\/\/navidalia.mx\/guadalajara\/news-events\/"]}]},{"@type":"BreadcrumbList","@id":"https:\/\/navidalia.mx\/guadalajara\/news-events\/#breadcrumb","itemListElement":[{"@type":"ListItem","position":1,"name":"Inicio","item":"https:\/\/navidalia.mx\/guadalajara\/"},{"@type":"ListItem","position":2,"name":"NEWS &amp; EVENTS"}]}]}},"_links":{"self":[{"href":"https:\/\/navidalia.mx\/guadalajara\/wp-json\/wp\/v2\/pages\/73","targetHints":{"allow":["GET"]}}],"collection":[{"href":"https:\/\/navidalia.mx\/guadalajara\/wp-json\/wp\/v2\/pages"}],"about":[{"href":"https:\/\/navidalia.mx\/guadalajara\/wp-json\/wp\/v2\/types\/page"}],"author":[{"embeddable":true,"href":"https:\/\/navidalia.mx\/guadalajara\/wp-json\/wp\/v2\/users\/1"}],"replies":[{"embeddable":true,"href":"https:\/\/navidalia.mx\/guadalajara\/wp-json\/wp\/v2\/comments?post=73"}],"version-history":[{"count":0,"href":"https:\/\/navidalia.mx\/guadalajara\/wp-json\/wp\/v2\/pages\/73\/revisions"}],"wp:attachment":[{"href":"https:\/\/navidalia.mx\/guadalajara\/wp-json\/wp\/v2\/media?parent=73"}],"curies":[{"name":"wp","href":"https:\/\/api.w.org\/{rel}","templated":true}]}}